{"id":3343,"date":"2024-09-01T07:55:48","date_gmt":"2024-09-01T07:55:48","guid":{"rendered":"https:\/\/schleyer-test-equipment.de\/sobre-nos\/"},"modified":"2024-10-23T08:47:19","modified_gmt":"2024-10-23T08:47:19","slug":"sobre-nos","status":"publish","type":"page","link":"https:\/\/schleyer-test-equipment.de\/pt-pt\/sobre-nos\/","title":{"rendered":"Sobre n\u00f3s"},"content":{"rendered":"\t\t<div data-elementor-type=\"wp-page\" data-elementor-id=\"3343\" class=\"elementor elementor-3343 elementor-1818\" data-elementor-post-type=\"page\">\n\t\t\t\t<div class=\"elementor-element elementor-element-bb8541e e-con-full main-container e-flex e-con e-parent\" data-id=\"bb8541e\" data-element_type=\"container\" data-settings=\"{&quot;background_background&quot;:&quot;gradient&quot;}\">\n\t\t<div class=\"elementor-element elementor-element-bb76800 e-con-full content-wrapper e-flex e-con e-child\" data-id=\"bb76800\" data-element_type=\"container\" data-settings=\"{&quot;background_background&quot;:&quot;gradient&quot;}\">\n\t\t<div class=\"elementor-element elementor-element-1ed4563 e-con-full e-flex e-con e-child\" data-id=\"1ed4563\" data-element_type=\"container\" data-settings=\"{&quot;background_background&quot;:&quot;classic&quot;}\">\n\t\t<div class=\"elementor-element elementor-element-4854efd e-con-full e-flex elementor-invisible e-con e-child\" data-id=\"4854efd\" data-element_type=\"container\" data-settings=\"{&quot;animation&quot;:&quot;fadeIn&quot;}\">\n\t\t\t\t<div class=\"elementor-element elementor-element-13c31e8 elementor-widget elementor-widget-heading\" data-id=\"13c31e8\" data-element_type=\"widget\" data-widget_type=\"heading.default\">\n\t\t\t\t<div class=\"elementor-widget-container\">\n\t\t\t\t\t<h2 class=\"elementor-heading-title elementor-size-default\"><br>QUALIDADE E INOVA\u00c7\u00c3O NA TECNOLOGIA AUTOM\u00d3VEL - DESDE OS ANOS 50<\/h2>\t\t\t\t<\/div>\n\t\t\t\t<\/div>\n\t\t\t\t<div class=\"elementor-element elementor-element-b61e3fd elementor-hidden-mobile elementor-widget elementor-widget-button\" data-id=\"b61e3fd\" data-element_type=\"widget\" data-widget_type=\"button.default\">\n\t\t\t\t<div class=\"elementor-widget-container\">\n\t\t\t\t\t\t\t\t\t<div class=\"elementor-button-wrapper\">\n\t\t\t\t\t<a class=\"elementor-button elementor-button-link elementor-size-sm\" href=\"#about\">\n\t\t\t\t\t\t<span class=\"elementor-button-content-wrapper\">\n\t\t\t\t\t\t<span class=\"elementor-button-icon\">\n\t\t\t\t<svg aria-hidden=\"true\" class=\"e-font-icon-svg e-far-arrow-alt-circle-down\" viewBox=\"0 0 512 512\" xmlns=\"http:\/\/www.w3.org\/2000\/svg\"><path d=\"M256 8C119 8 8 119 8 256s111 248 248 248 248-111 248-248S393 8 256 8zm0 448c-110.5 0-200-89.5-200-200S145.5 56 256 56s200 89.5 200 200-89.5 200-200 200zm-32-316v116h-67c-10.7 0-16 12.9-8.5 20.5l99 99c4.7 4.7 12.3 4.7 17 0l99-99c7.6-7.6 2.2-20.5-8.5-20.5h-67V140c0-6.6-5.4-12-12-12h-40c-6.6 0-12 5.4-12 12z\"><\/path><\/svg>\t\t\t<\/span>\n\t\t\t\t\t\t\t\t<\/span>\n\t\t\t\t\t<\/a>\n\t\t\t\t<\/div>\n\t\t\t\t\t\t\t\t<\/div>\n\t\t\t\t<\/div>\n\t\t\t\t<\/div>\n\t\t\t\t<\/div>\n\t\t<div class=\"elementor-element elementor-element-79653fb e-con-full e-flex elementor-invisible e-con e-child\" data-id=\"79653fb\" data-element_type=\"container\" data-settings=\"{&quot;background_background&quot;:&quot;classic&quot;,&quot;animation_delay&quot;:1000,&quot;animation&quot;:&quot;fadeIn&quot;}\">\n\t\t\t\t<div class=\"elementor-element elementor-element-5248df3 elementor-widget elementor-widget-text-editor\" data-id=\"5248df3\" data-element_type=\"widget\" data-widget_type=\"text-editor.default\">\n\t\t\t\t<div class=\"elementor-widget-container\">\n\t\t\t\t\t\t\t\t\t<p>Schleyer-Test-Equipment GmbH fabrica h\u00e1 d\u00e9cadas sistemas de teste robustos e reconhecidos mundialmente &#8220;Made in Germany&#8221; para motores de combust\u00e3o. Esses sistemas oferecem a mais alta precis\u00e3o e confiabilidade, ideais para profissionais e mec\u00e2nicos amadores.<\/p>\n\t\t\t\t\t\t\t\t<\/div>\n\t\t\t\t<\/div>\n\t\t\t\t<\/div>\n\t\t<div class=\"elementor-element elementor-element-1fc59a6 e-con-full e-flex elementor-invisible e-con e-child\" data-id=\"1fc59a6\" data-element_type=\"container\" data-settings=\"{&quot;background_background&quot;:&quot;classic&quot;,&quot;animation_delay&quot;:1500,&quot;animation&quot;:&quot;fadeInDown&quot;}\">\n\t\t<div class=\"elementor-element elementor-element-b52b63f e-con-full e-flex e-con e-child\" data-id=\"b52b63f\" data-element_type=\"container\">\n\t\t\t\t<div class=\"elementor-element elementor-element-213cdf1 elementor-widget elementor-widget-heading\" data-id=\"213cdf1\" data-element_type=\"widget\" data-widget_type=\"heading.default\">\n\t\t\t\t<div class=\"elementor-widget-container\">\n\t\t\t\t\t<h5 class=\"elementor-heading-title elementor-size-default\">INOVA\u00c7\u00c3O PARA A OFICINA E O PASSATEMPO:<\/h5>\t\t\t\t<\/div>\n\t\t\t\t<\/div>\n\t\t\t\t<div class=\"elementor-element elementor-element-671867e elementor-widget elementor-widget-heading\" data-id=\"671867e\" data-element_type=\"widget\" data-widget_type=\"heading.default\">\n\t\t\t\t<div class=\"elementor-widget-container\">\n\t\t\t\t\t<h3 class=\"elementor-heading-title elementor-size-default\">Sincr\u00f3metro e verificador de fugas de CO2<\/h3>\t\t\t\t<\/div>\n\t\t\t\t<\/div>\n\t\t\t\t<div class=\"elementor-element elementor-element-e86acb5 elementor-widget elementor-widget-text-editor\" data-id=\"e86acb5\" data-element_type=\"widget\" data-widget_type=\"text-editor.default\">\n\t\t\t\t<div class=\"elementor-widget-container\">\n\t\t\t\t\t\t\t\t\t<p>Com o Sincr\u00f4metro SK ou BK, mec\u00e2nicos de autom\u00f3veis, restauradores de carros e entusiastas podem verificar e ajustar rapidamente o fluxo de ar exato do carburador de maneira simples, sem desmont\u00e1-lo. Para uma detec\u00e7\u00e3o precoce e segura de vazamentos entre a c\u00e2mara de combust\u00e3o e o sistema de refrigera\u00e7\u00e3o, o testador de vazamento de CO2 \u00e9 necess\u00e1rio.<\/p>\t\t\t\t\t\t\t\t<\/div>\n\t\t\t\t<\/div>\n\t\t\t\t<\/div>\n\t\t<div class=\"elementor-element elementor-element-742379f e-con-full e-flex e-con e-child\" data-id=\"742379f\" data-element_type=\"container\">\n\t\t\t\t<div class=\"elementor-element elementor-element-e67f546 elementor-widget elementor-widget-heading\" data-id=\"e67f546\" data-element_type=\"widget\" data-widget_type=\"heading.default\">\n\t\t\t\t<div class=\"elementor-widget-container\">\n\t\t\t\t\t<h5 class=\"elementor-heading-title elementor-size-default\">DE PIONEIRO A MARCA GLOBAL:  <\/h5>\t\t\t\t<\/div>\n\t\t\t\t<\/div>\n\t\t\t\t<div class=\"elementor-element elementor-element-c796e4a elementor-widget elementor-widget-heading\" data-id=\"c796e4a\" data-element_type=\"widget\" data-widget_type=\"heading.default\">\n\t\t\t\t<div class=\"elementor-widget-container\">\n\t\t\t\t\t<h3 class=\"elementor-heading-title elementor-size-default\">A hist\u00f3ria de PHILIPP M. SCHLEYER<\/h3>\t\t\t\t<\/div>\n\t\t\t\t<\/div>\n\t\t\t\t<div class=\"elementor-element elementor-element-e6343b8 elementor-widget elementor-widget-text-editor\" data-id=\"e6343b8\" data-element_type=\"widget\" data-widget_type=\"text-editor.default\">\n\t\t\t\t<div class=\"elementor-widget-container\">\n\t\t\t\t\t\t\t\t\t<p>No final dos anos 50, o Sr. Philipp M. Schleyer, o inventor do equipamento de teste, fundou a empresa &#8220;Schleyer Test Equipment&#8221;. Antes disso, o Sr. Schleyer viajou pelo mundo como aventureiro e inventor nos Estados Unidos, onde desmontou um avi\u00e3o e enviou suas partes para a Alemanha para remont\u00e1-lo. Com seus muitos contatos ao redor do mundo, ele conseguiu rapidamente tornar seu equipamento de teste conhecido em todos os lugares.<\/p>\n\t\t\t\t\t\t\t\t<\/div>\n\t\t\t\t<\/div>\n\t\t\t\t<\/div>\n\t\t\t\t<\/div>\n\t\t<div class=\"elementor-element elementor-element-7a771b1 e-con-full e-flex elementor-invisible e-con e-child\" data-id=\"7a771b1\" data-element_type=\"container\" data-settings=\"{&quot;background_background&quot;:&quot;classic&quot;,&quot;animation_delay&quot;:1000,&quot;animation&quot;:&quot;fadeInRight&quot;}\">\n\t\t\t\t<\/div>\n\t\t<div class=\"elementor-element elementor-element-275e827 e-con-full e-flex e-con e-child\" data-id=\"275e827\" data-element_type=\"container\" data-settings=\"{&quot;background_background&quot;:&quot;classic&quot;}\">\n\t\t<div class=\"elementor-element elementor-element-ccb8b54 e-con-full e-flex elementor-invisible e-con e-child\" data-id=\"ccb8b54\" data-element_type=\"container\" data-settings=\"{&quot;animation&quot;:&quot;slideInDown&quot;}\">\n\t\t<div class=\"elementor-element elementor-element-d8529f5 e-con-full e-flex e-con e-child\" data-id=\"d8529f5\" data-element_type=\"container\">\n\t\t\t\t<div class=\"elementor-element elementor-element-3506e37 elementor-widget elementor-widget-heading\" data-id=\"3506e37\" data-element_type=\"widget\" data-widget_type=\"heading.default\">\n\t\t\t\t<div class=\"elementor-widget-container\">\n\t\t\t\t\t<h5 class=\"elementor-heading-title elementor-size-default\">A lideran\u00e7a e o futuro<\/h5>\t\t\t\t<\/div>\n\t\t\t\t<\/div>\n\t\t\t\t<div class=\"elementor-element elementor-element-fd747b4 elementor-widget elementor-widget-heading\" data-id=\"fd747b4\" data-element_type=\"widget\" data-widget_type=\"heading.default\">\n\t\t\t\t<div class=\"elementor-widget-container\">\n\t\t\t\t\t<h3 class=\"elementor-heading-title elementor-size-default\">DA FAM\u00cdLIA THEIN<\/h3>\t\t\t\t<\/div>\n\t\t\t\t<\/div>\n\t\t\t\t<\/div>\n\t\t<div class=\"elementor-element elementor-element-6ceb86a e-con-full e-flex e-con e-child\" data-id=\"6ceb86a\" data-element_type=\"container\">\n\t\t\t\t<div class=\"elementor-element elementor-element-0aeaad8 elementor-widget elementor-widget-text-editor\" data-id=\"0aeaad8\" data-element_type=\"widget\" data-widget_type=\"text-editor.default\">\n\t\t\t\t<div class=\"elementor-widget-container\">\n\t\t\t\t\t\t\t\t\t<p>Desde 2023, a empresa est\u00e1 sendo expandida, modernizada e continuada com sucesso pela fam\u00edlia Thein, parentes de Philipp Schleyer. A empresa familiar conta com o apoio de uma equipe qualificada, como t\u00e9cnicos e mestres artes\u00e3os. A miss\u00e3o da empresa \u00e9 alcan\u00e7ar uma cobertura global no fornecimento de equipamentos de alta qualidade &#8220;Made in Germany&#8221; para os clientes finais, garantindo ao mesmo tempo a mais alta satisfa\u00e7\u00e3o do cliente.<\/p>\n\t\t\t\t\t\t\t\t<\/div>\n\t\t\t\t<\/div>\n\t\t\t\t<\/div>\n\t\t\t\t<\/div>\n\t\t\t\t<\/div>\n\t\t<div class=\"elementor-element elementor-element-24db5e9 e-con-full e-flex elementor-invisible e-con e-child\" data-id=\"24db5e9\" data-element_type=\"container\" data-settings=\"{&quot;background_background&quot;:&quot;classic&quot;,&quot;animation_delay&quot;:1000,&quot;animation&quot;:&quot;fadeInRight&quot;}\">\n\t\t<div class=\"elementor-element elementor-element-b1b41e6 e-con-full e-flex elementor-invisible e-con e-child\" data-id=\"b1b41e6\" data-element_type=\"container\" data-settings=\"{&quot;background_background&quot;:&quot;classic&quot;,&quot;animation&quot;:&quot;fadeIn&quot;,&quot;animation_delay&quot;:1000}\">\n\t\t\t\t<div class=\"elementor-element elementor-element-972b01a elementor-widget elementor-widget-heading\" data-id=\"972b01a\" data-element_type=\"widget\" data-widget_type=\"heading.default\">\n\t\t\t\t<div class=\"elementor-widget-container\">\n\t\t\t\t\t<span class=\"elementor-heading-title elementor-size-default\">DESCOBRE O<\/span>\t\t\t\t<\/div>\n\t\t\t\t<\/div>\n\t\t\t\t<div class=\"elementor-element elementor-element-f13492c elementor-widget elementor-widget-heading\" data-id=\"f13492c\" data-element_type=\"widget\" data-widget_type=\"heading.default\">\n\t\t\t\t<div class=\"elementor-widget-container\">\n\t\t\t\t\t<h2 class=\"elementor-heading-title elementor-size-default\">PACOTE COMPLETO SEM PREOCUPA\u00c7\u00d5ES<\/h2>\t\t\t\t<\/div>\n\t\t\t\t<\/div>\n\t\t\t\t<div class=\"elementor-element elementor-element-0e2966d elementor-align-left elementor-widget elementor-widget-button\" data-id=\"0e2966d\" data-element_type=\"widget\" data-widget_type=\"button.default\">\n\t\t\t\t<div class=\"elementor-widget-container\">\n\t\t\t\t\t\t\t\t\t<div class=\"elementor-button-wrapper\">\n\t\t\t\t\t<a class=\"elementor-button elementor-button-link elementor-size-sm\" href=\"https:\/\/schleyer-test-equipment.de\/pt-pt\/produto\/\">\n\t\t\t\t\t\t<span class=\"elementor-button-content-wrapper\">\n\t\t\t\t\t\t\t\t\t<span class=\"elementor-button-text\">Descobre agora!<\/span>\n\t\t\t\t\t<\/span>\n\t\t\t\t\t<\/a>\n\t\t\t\t<\/div>\n\t\t\t\t\t\t\t\t<\/div>\n\t\t\t\t<\/div>\n\t\t\t\t<\/div>\n\t\t\t\t<\/div>\n\t\t\t\t<\/div>\n\t\t\t\t<\/div>\n\t\t\t\t<\/div>\n\t\t","protected":false},"excerpt":{"rendered":"<p>QUALIDADE E INOVA\u00c7\u00c3O NA TECNOLOGIA AUTOM\u00d3VEL &#8211; DESDE OS ANOS 50 Schleyer-Test-Equipment GmbH fabrica h\u00e1 d\u00e9cadas sistemas de teste robustos e reconhecidos mundialmente &#8220;Made in Germany&#8221; para motores de combust\u00e3o. Esses sistemas oferecem a mais alta precis\u00e3o e confiabilidade, ideais para profissionais e mec\u00e2nicos amadores. INOVA\u00c7\u00c3O PARA A OFICINA E O PASSATEMPO: Sincr\u00f3metro e verificador [&hellip;]<\/p>\n","protected":false},"author":2,"featured_media":0,"parent":0,"menu_order":0,"comment_status":"closed","ping_status":"closed","template":"elementor_header_footer","meta":{"footnotes":""},"class_list":["post-3343","page","type-page","status-publish","hentry"],"_links":{"self":[{"href":"https:\/\/schleyer-test-equipment.de\/pt-pt\/wp-json\/wp\/v2\/pages\/3343","targetHints":{"allow":["GET"]}}],"collection":[{"href":"https:\/\/schleyer-test-equipment.de\/pt-pt\/wp-json\/wp\/v2\/pages"}],"about":[{"href":"https:\/\/schleyer-test-equipment.de\/pt-pt\/wp-json\/wp\/v2\/types\/page"}],"author":[{"embeddable":true,"href":"https:\/\/schleyer-test-equipment.de\/pt-pt\/wp-json\/wp\/v2\/users\/2"}],"replies":[{"embeddable":true,"href":"https:\/\/schleyer-test-equipment.de\/pt-pt\/wp-json\/wp\/v2\/comments?post=3343"}],"version-history":[{"count":0,"href":"https:\/\/schleyer-test-equipment.de\/pt-pt\/wp-json\/wp\/v2\/pages\/3343\/revisions"}],"wp:attachment":[{"href":"https:\/\/schleyer-test-equipment.de\/pt-pt\/wp-json\/wp\/v2\/media?parent=3343"}],"curies":[{"name":"wp","href":"https:\/\/api.w.org\/{rel}","templated":true}]}}