{"id":3304,"date":"2024-09-02T23:37:53","date_gmt":"2024-09-02T23:37:53","guid":{"rendered":"https:\/\/schleyer-test-equipment.de\/contacta-nos\/"},"modified":"2024-10-21T15:01:57","modified_gmt":"2024-10-21T15:01:57","slug":"contacta-nos","status":"publish","type":"page","link":"https:\/\/schleyer-test-equipment.de\/pt-pt\/contacta-nos\/","title":{"rendered":"Contacta-nos"},"content":{"rendered":"\t\t<div data-elementor-type=\"wp-page\" data-elementor-id=\"3304\" class=\"elementor elementor-3304 elementor-2699\" data-elementor-post-type=\"page\">\n\t\t\t\t<div class=\"elementor-element elementor-element-6a4e4f9d e-con-full e-flex e-con e-parent\" data-id=\"6a4e4f9d\" data-element_type=\"container\" data-settings=\"{&quot;background_background&quot;:&quot;gradient&quot;}\">\n\t\t<div class=\"elementor-element elementor-element-425011ee e-con-full content-wrapper e-flex e-con e-child\" data-id=\"425011ee\" data-element_type=\"container\" data-settings=\"{&quot;background_background&quot;:&quot;gradient&quot;}\">\n\t\t<div class=\"elementor-element elementor-element-13095337 e-con-full e-flex e-con e-child\" data-id=\"13095337\" data-element_type=\"container\" data-settings=\"{&quot;background_background&quot;:&quot;classic&quot;}\">\n\t\t<div class=\"elementor-element elementor-element-4a735abc e-con-full e-flex e-con e-child\" data-id=\"4a735abc\" data-element_type=\"container\" data-settings=\"{&quot;background_background&quot;:&quot;classic&quot;}\">\n\t\t<div class=\"elementor-element elementor-element-64f7f417 e-con-full e-flex e-con e-child\" data-id=\"64f7f417\" data-element_type=\"container\" data-settings=\"{&quot;background_background&quot;:&quot;classic&quot;}\">\n\t\t\t\t<div class=\"elementor-element elementor-element-73ab0fc6 elementor-widget elementor-widget-heading\" data-id=\"73ab0fc6\" data-element_type=\"widget\" data-widget_type=\"heading.default\">\n\t\t\t\t<div class=\"elementor-widget-container\">\n\t\t\t\t\t<h2 class=\"elementor-heading-title elementor-size-default\">CONTACTO<\/h2>\t\t\t\t<\/div>\n\t\t\t\t<\/div>\n\t\t\t\t<div class=\"elementor-element elementor-element-1405b0a1 elementor-widget elementor-widget-text-editor\" data-id=\"1405b0a1\" data-element_type=\"widget\" data-widget_type=\"text-editor.default\">\n\t\t\t\t<div class=\"elementor-widget-container\">\n\t\t\t\t\t\t\t\t\t<p>Tens alguma <b>pergunta <\/b>ou gostarias de entrar em <b>contacto <\/b>connosco? Teremos todo o gosto em ajudar-te! <\/p>\n\t\t\t\t\t\t\t\t<\/div>\n\t\t\t\t<\/div>\n\t\t\t\t<\/div>\n\t\t<div class=\"elementor-element elementor-element-4b686ce e-con-full e-flex e-con e-child\" data-id=\"4b686ce\" data-element_type=\"container\" data-settings=\"{&quot;background_background&quot;:&quot;classic&quot;}\">\n\t\t\t\t<div class=\"elementor-element elementor-element-faba197 elementor-button-align-stretch elementor-widget elementor-widget-global elementor-global-3264 elementor-global-2833 elementor-widget-form\" data-id=\"faba197\" data-element_type=\"widget\" data-settings=\"{&quot;step_next_label&quot;:&quot;Seguinte&quot;,&quot;step_previous_label&quot;:&quot;Anterior&quot;,&quot;button_width&quot;:&quot;25&quot;,&quot;step_type&quot;:&quot;none&quot;,&quot;step_icon_shape&quot;:&quot;circle&quot;}\" data-widget_type=\"form.default\">\n\t\t\t\t<div class=\"elementor-widget-container\">\n\t\t\t\t\t\t\t<form class=\"elementor-form\" method=\"post\" name=\"Formul\u00e1rio de contacto\">\n\t\t\t<input type=\"hidden\" name=\"post_id\" value=\"3304\"\/>\n\t\t\t<input type=\"hidden\" name=\"form_id\" value=\"faba197\"\/>\n\t\t\t<input type=\"hidden\" name=\"referer_title\" value=\"\" \/>\n\n\t\t\t\n\t\t\t<div class=\"elementor-form-fields-wrapper elementor-labels-above\">\n\t\t\t\t\t\t\t\t<div class=\"elementor-field-type-checkbox elementor-field-group elementor-column elementor-field-group-field_8acbe66 elementor-col-100\">\n\t\t\t\t\t\t\t\t\t\t\t\t<label for=\"form-field-field_8acbe66\" class=\"elementor-field-label\">\n\t\t\t\t\t\t\t\tSauda\u00e7\u00e3o\t\t\t\t\t\t\t<\/label>\n\t\t\t\t\t\t<div class=\"elementor-field-subgroup  elementor-subgroup-inline\"><span class=\"elementor-field-option\"><input type=\"checkbox\" value=\"Sr.\" id=\"form-field-field_8acbe66-0\" name=\"form_fields[field_8acbe66][]\"> <label for=\"form-field-field_8acbe66-0\">Sr.<\/label><\/span><span class=\"elementor-field-option\"><input type=\"checkbox\" value=\"Senhora\" id=\"form-field-field_8acbe66-1\" name=\"form_fields[field_8acbe66][]\"> <label for=\"form-field-field_8acbe66-1\">Senhora<\/label><\/span><span class=\"elementor-field-option\"><input type=\"checkbox\" value=\"Diversos\" id=\"form-field-field_8acbe66-2\" name=\"form_fields[field_8acbe66][]\"> <label for=\"form-field-field_8acbe66-2\">Diversos<\/label><\/span><\/div>\t\t\t\t<\/div>\n\t\t\t\t\t\t\t\t<div class=\"elementor-field-type-text elementor-field-group elementor-column elementor-field-group-name elementor-col-50 elementor-field-required elementor-mark-required\">\n\t\t\t\t\t\t\t\t\t\t\t\t<label for=\"form-field-name\" class=\"elementor-field-label\">\n\t\t\t\t\t\t\t\tNome\t\t\t\t\t\t\t<\/label>\n\t\t\t\t\t\t\t\t\t\t\t\t\t\t<input size=\"1\" type=\"text\" name=\"form_fields[name]\" id=\"form-field-name\" class=\"elementor-field elementor-size-sm  elementor-field-textual\" placeholder=\"Introduz o primeiro nome\" required=\"required\" aria-required=\"true\">\n\t\t\t\t\t\t\t\t\t\t\t<\/div>\n\t\t\t\t\t\t\t\t<div class=\"elementor-field-type-text elementor-field-group elementor-column elementor-field-group-field_12c8374 elementor-col-50 elementor-field-required elementor-mark-required\">\n\t\t\t\t\t\t\t\t\t\t\t\t<label for=\"form-field-field_12c8374\" class=\"elementor-field-label\">\n\t\t\t\t\t\t\t\tEmpresa\t\t\t\t\t\t\t<\/label>\n\t\t\t\t\t\t\t\t\t\t\t\t\t\t<input size=\"1\" type=\"text\" name=\"form_fields[field_12c8374]\" id=\"form-field-field_12c8374\" class=\"elementor-field elementor-size-sm  elementor-field-textual\" placeholder=\"Introduzir a empresa\" required=\"required\" aria-required=\"true\">\n\t\t\t\t\t\t\t\t\t\t\t<\/div>\n\t\t\t\t\t\t\t\t<div class=\"elementor-field-type-email elementor-field-group elementor-column elementor-field-group-email elementor-col-50 elementor-field-required elementor-mark-required\">\n\t\t\t\t\t\t\t\t\t\t\t\t<label for=\"form-field-email\" class=\"elementor-field-label\">\n\t\t\t\t\t\t\t\te-mail\t\t\t\t\t\t\t<\/label>\n\t\t\t\t\t\t\t\t\t\t\t\t\t\t<input size=\"1\" type=\"email\" name=\"form_fields[email]\" id=\"form-field-email\" class=\"elementor-field elementor-size-sm  elementor-field-textual\" placeholder=\"Introduzir e-mail\" required=\"required\" aria-required=\"true\">\n\t\t\t\t\t\t\t\t\t\t\t<\/div>\n\t\t\t\t\t\t\t\t<div class=\"elementor-field-type-tel elementor-field-group elementor-column elementor-field-group-field_dd9a489 elementor-col-50 elementor-field-required elementor-mark-required\">\n\t\t\t\t\t\t\t\t\t\t\t\t<label for=\"form-field-field_dd9a489\" class=\"elementor-field-label\">\n\t\t\t\t\t\t\t\tN\u00famero de telefone\t\t\t\t\t\t\t<\/label>\n\t\t\t\t\t\t\t\t<input size=\"1\" type=\"tel\" name=\"form_fields[field_dd9a489]\" id=\"form-field-field_dd9a489\" class=\"elementor-field elementor-size-sm  elementor-field-textual\" placeholder=\"Introduzir o n\u00famero de telefone\" required=\"required\" aria-required=\"true\" pattern=\"[0-9()#&amp;+*-=.]+\" title=\"Only numbers and phone characters (#, -, *, etc) are accepted.\">\n\n\t\t\t\t\t\t<\/div>\n\t\t\t\t\t\t\t\t<div class=\"elementor-field-type-text elementor-field-group elementor-column elementor-field-group-field_7abd90e elementor-col-50 elementor-field-required elementor-mark-required\">\n\t\t\t\t\t\t\t\t\t\t\t\t<label for=\"form-field-field_7abd90e\" class=\"elementor-field-label\">\n\t\t\t\t\t\t\t\tRua e n\u00famero da casa\t\t\t\t\t\t\t<\/label>\n\t\t\t\t\t\t\t\t\t\t\t\t\t\t<input size=\"1\" type=\"text\" name=\"form_fields[field_7abd90e]\" id=\"form-field-field_7abd90e\" class=\"elementor-field elementor-size-sm  elementor-field-textual\" placeholder=\"Introduz a rua e o n\u00famero da porta\" required=\"required\" aria-required=\"true\">\n\t\t\t\t\t\t\t\t\t\t\t<\/div>\n\t\t\t\t\t\t\t\t<div class=\"elementor-field-type-tel elementor-field-group elementor-column elementor-field-group-field_d2c0223 elementor-col-25 elementor-field-required elementor-mark-required\">\n\t\t\t\t\t\t\t\t\t\t\t\t<label for=\"form-field-field_d2c0223\" class=\"elementor-field-label\">\n\t\t\t\t\t\t\t\tC\u00f3digo postal\t\t\t\t\t\t\t<\/label>\n\t\t\t\t\t\t\t\t<input size=\"1\" type=\"tel\" name=\"form_fields[field_d2c0223]\" id=\"form-field-field_d2c0223\" class=\"elementor-field elementor-size-sm  elementor-field-textual\" placeholder=\"Introduzir c\u00f3digo postal\" required=\"required\" aria-required=\"true\" pattern=\"[0-9()#&amp;+*-=.]+\" title=\"Only numbers and phone characters (#, -, *, etc) are accepted.\">\n\n\t\t\t\t\t\t<\/div>\n\t\t\t\t\t\t\t\t<div class=\"elementor-field-type-text elementor-field-group elementor-column elementor-field-group-field_3b58251 elementor-col-25 elementor-field-required elementor-mark-required\">\n\t\t\t\t\t\t\t\t\t\t\t\t<label for=\"form-field-field_3b58251\" class=\"elementor-field-label\">\n\t\t\t\t\t\t\t\tColoca\t\t\t\t\t\t\t<\/label>\n\t\t\t\t\t\t\t\t\t\t\t\t\t\t<input size=\"1\" type=\"text\" name=\"form_fields[field_3b58251]\" id=\"form-field-field_3b58251\" class=\"elementor-field elementor-size-sm  elementor-field-textual\" placeholder=\"Introduzir a localiza\u00e7\u00e3o\" required=\"required\" aria-required=\"true\">\n\t\t\t\t\t\t\t\t\t\t\t<\/div>\n\t\t\t\t\t\t\t\t<div class=\"elementor-field-type-text elementor-field-group elementor-column elementor-field-group-field_d3a5d03 elementor-col-100 elementor-field-required elementor-mark-required\">\n\t\t\t\t\t\t\t\t\t\t\t\t<label for=\"form-field-field_d3a5d03\" class=\"elementor-field-label\">\n\t\t\t\t\t\t\t\tPa\u00eds\t\t\t\t\t\t\t<\/label>\n\t\t\t\t\t\t\t\t\t\t\t\t\t\t<input size=\"1\" type=\"text\" name=\"form_fields[field_d3a5d03]\" id=\"form-field-field_d3a5d03\" class=\"elementor-field elementor-size-sm  elementor-field-textual\" placeholder=\"Introduzir o pa\u00eds\" required=\"required\" aria-required=\"true\">\n\t\t\t\t\t\t\t\t\t\t\t<\/div>\n\t\t\t\t\t\t\t\t<div class=\"elementor-field-type-textarea elementor-field-group elementor-column elementor-field-group-message elementor-col-100\">\n\t\t\t\t\t\t\t\t\t\t\t\t<label for=\"form-field-message\" class=\"elementor-field-label\">\n\t\t\t\t\t\t\t\tMensagem\t\t\t\t\t\t\t<\/label>\n\t\t\t\t\t\t<textarea class=\"elementor-field-textual elementor-field  elementor-size-sm\" name=\"form_fields[message]\" id=\"form-field-message\" rows=\"4\" placeholder=\"Introduzir mensagem\"><\/textarea>\t\t\t\t<\/div>\n\t\t\t\t\t\t\t\t<div class=\"elementor-field-type-checkbox elementor-field-group elementor-column elementor-field-group-field_27c5d85 elementor-col-100\">\n\t\t\t\t\t\t\t\t\t\t\t\t<label for=\"form-field-field_27c5d85\" class=\"elementor-field-label\">\n\t\t\t\t\t\t\t\tSauda\u00e7\u00e3o\t\t\t\t\t\t\t<\/label>\n\t\t\t\t\t\t<div class=\"elementor-field-subgroup  \"><span class=\"elementor-field-option\"><input type=\"checkbox\" value=\"Li e compreendi a pol\u00edtica de privacidade. Aceito que os meus dados e informa\u00e7\u00f5es sejam recolhidos e armazenados eletronicamente para responder ao meu pedido de informa\u00e7\u00e3o.\" id=\"form-field-field_27c5d85-0\" name=\"form_fields[field_27c5d85][]\"> <label for=\"form-field-field_27c5d85-0\">Li e compreendi a pol\u00edtica de privacidade. Aceito que os meus dados e informa\u00e7\u00f5es sejam recolhidos e armazenados eletronicamente para responder ao meu pedido de informa\u00e7\u00e3o.<\/label><\/span><span class=\"elementor-field-option\"><input type=\"checkbox\" value=\"Nota: Podes revogar o teu consentimento a qualquer momento, no futuro, por e-mail para I agree to the use of functional services. Podes encontrar mais informa\u00e7\u00f5es sobre os servi\u00e7os funcionais em schleyer-test-equipment.de\/datenschutz.   \" id=\"form-field-field_27c5d85-1\" name=\"form_fields[field_27c5d85][]\"> <label for=\"form-field-field_27c5d85-1\">Nota: Podes revogar o teu consentimento a qualquer momento, no futuro, por e-mail para I agree to the use of functional services. Podes encontrar mais informa\u00e7\u00f5es sobre os servi\u00e7os funcionais em schleyer-test-equipment.de\/datenschutz.   <\/label><\/span><\/div>\t\t\t\t<\/div>\n\t\t\t\t\t\t\t\t<div class=\"elementor-field-group elementor-column elementor-field-type-submit elementor-col-25 e-form__buttons\">\n\t\t\t\t\t<button class=\"elementor-button elementor-size-sm\" type=\"submit\">\n\t\t\t\t\t\t<span class=\"elementor-button-content-wrapper\">\n\t\t\t\t\t\t\t\t\t\t\t\t\t\t\t\t\t\t\t\t\t\t<span class=\"elementor-button-text\">Envia<\/span>\n\t\t\t\t\t\t\t\t\t\t\t\t\t<\/span>\n\t\t\t\t\t<\/button>\n\t\t\t\t<\/div>\n\t\t\t<\/div>\n\t\t<\/form>\n\t\t\t\t\t\t<\/div>\n\t\t\t\t<\/div>\n\t\t\t\t<\/div>\n\t\t\t\t<\/div>\n\t\t\t\t<\/div>\n\t\t\t\t<div class=\"elementor-element elementor-element-26513096 elementor-widget elementor-widget-html\" data-id=\"26513096\" data-element_type=\"widget\" data-widget_type=\"html.default\">\n\t\t\t\t<div class=\"elementor-widget-container\">\n\t\t\t\t\t<style>\r\n.description-container {\r\n    overflow: hidden;\r\n}\r\n\r\n.description {\r\n    transition: opacity 0.5s ease, max-height 0.5s ease, margin-top 0.5s ease;\r\n}\r\n\r\n.hidden {\r\n    max-height: 0;\r\n    opacity: 0;\r\n    visibility: hidden;\r\n    margin-top: 0; \/* Ensure no space when hidden *\/\r\n}\r\n\r\n.visible {\r\n    max-height: 600px; \/* Adjust as necessary *\/\r\n    opacity: 1;\r\n    visibility: visible;\r\n}\r\n@media(max-width: 660px){\r\n    .visible {\r\n        max-height: auto;\r\n    }\r\n}\r\n\r\n\r\n<\/style>\r\n<script>\r\n document.addEventListener(\"DOMContentLoaded\", function() {\r\n    const sections = ['section1','section2', 'section3','section4']; \/\/ Add all your section IDs here\r\n\r\n    sections.forEach(sectionId => {\r\n        const button = document.getElementById(`button-${sectionId}`);\r\n        button.addEventListener('click', function(event) {\r\n            event.preventDefault(); \/\/ Prevent page reload\r\n            toggleDescription(sectionId);\r\n        });\r\n    });\r\n});\r\n\r\nfunction toggleDescription(sectionId) {\r\n    const container = document.getElementById(sectionId);\r\n    const smallDescription = container.querySelector('.small-description');\r\n    const longDescription = container.querySelector('.long-description');\r\n    const buttonText = container.querySelector('.toggle-button .elementor-button-text');\r\n\r\n    if (smallDescription.classList.contains('hidden')) {\r\n        smallDescription.classList.remove('hidden');\r\n        smallDescription.classList.add('visible');\r\n        longDescription.classList.remove('visible');\r\n        longDescription.classList.add('hidden');\r\n        buttonText.textContent = 'MEHR ERFAHREN'; \/\/ Reset to original text\r\n    } else {\r\n        smallDescription.classList.remove('visible');\r\n        smallDescription.classList.add('hidden');\r\n        longDescription.classList.remove('hidden');\r\n        longDescription.classList.add('visible');\r\n        buttonText.textContent = 'WENIGER ANZEIGEN'; \/\/ Change to \"Show Less\" equivalent\r\n    }\r\n}\r\n\r\n\r\n<\/script>\t\t\t\t<\/div>\n\t\t\t\t<\/div>\n\t\t\t\t<\/div>\n\t\t\t\t<\/div>\n\t\t\t\t<\/div>\n\t\t","protected":false},"excerpt":{"rendered":"<p>CONTACTO Tens alguma pergunta ou gostarias de entrar em contacto connosco? Teremos todo o gosto em ajudar-te!<\/p>\n","protected":false},"author":1,"featured_media":0,"parent":0,"menu_order":0,"comment_status":"closed","ping_status":"closed","template":"elementor_header_footer","meta":{"footnotes":""},"class_list":["post-3304","page","type-page","status-publish","hentry"],"_links":{"self":[{"href":"https:\/\/schleyer-test-equipment.de\/pt-pt\/wp-json\/wp\/v2\/pages\/3304","targetHints":{"allow":["GET"]}}],"collection":[{"href":"https:\/\/schleyer-test-equipment.de\/pt-pt\/wp-json\/wp\/v2\/pages"}],"about":[{"href":"https:\/\/schleyer-test-equipment.de\/pt-pt\/wp-json\/wp\/v2\/types\/page"}],"author":[{"embeddable":true,"href":"https:\/\/schleyer-test-equipment.de\/pt-pt\/wp-json\/wp\/v2\/users\/1"}],"replies":[{"embeddable":true,"href":"https:\/\/schleyer-test-equipment.de\/pt-pt\/wp-json\/wp\/v2\/comments?post=3304"}],"version-history":[{"count":0,"href":"https:\/\/schleyer-test-equipment.de\/pt-pt\/wp-json\/wp\/v2\/pages\/3304\/revisions"}],"wp:attachment":[{"href":"https:\/\/schleyer-test-equipment.de\/pt-pt\/wp-json\/wp\/v2\/media?parent=3304"}],"curies":[{"name":"wp","href":"https:\/\/api.w.org\/{rel}","templated":true}]}}