{"id":3337,"date":"2024-09-13T13:13:53","date_gmt":"2024-09-13T13:13:53","guid":{"rendered":"https:\/\/schleyer-test-equipment.de\/pie-de-imprenta\/"},"modified":"2024-10-21T15:01:36","modified_gmt":"2024-10-21T15:01:36","slug":"pie-de-imprenta","status":"publish","type":"page","link":"https:\/\/schleyer-test-equipment.de\/es\/pie-de-imprenta\/","title":{"rendered":"Pie de imprenta"},"content":{"rendered":"\t\t<div data-elementor-type=\"wp-page\" data-elementor-id=\"3337\" class=\"elementor elementor-3337 elementor-2800\" data-elementor-post-type=\"page\">\n\t\t\t\t<div class=\"elementor-element elementor-element-1f720042 e-con-full e-flex e-con e-parent\" data-id=\"1f720042\" data-element_type=\"container\" data-settings=\"{&quot;background_background&quot;:&quot;gradient&quot;}\">\n\t\t<div class=\"elementor-element elementor-element-c263c14 e-con-full content-wrapper e-flex e-con e-child\" data-id=\"c263c14\" data-element_type=\"container\" data-settings=\"{&quot;background_background&quot;:&quot;gradient&quot;}\">\n\t\t<div class=\"elementor-element elementor-element-bb5932b e-con-full e-flex e-con e-child\" data-id=\"bb5932b\" data-element_type=\"container\" data-settings=\"{&quot;background_background&quot;:&quot;classic&quot;}\">\n\t\t\t\t<div class=\"elementor-element elementor-element-ff25bf0 elementor-widget elementor-widget-heading\" data-id=\"ff25bf0\" data-element_type=\"widget\" data-widget_type=\"heading.default\">\n\t\t\t\t<div class=\"elementor-widget-container\">\n\t\t\t\t\t<h2 class=\"elementor-heading-title elementor-size-default\">Pie de imprenta<\/h2>\t\t\t\t<\/div>\n\t\t\t\t<\/div>\n\t\t\t\t<div class=\"elementor-element elementor-element-4de213e elementor-widget elementor-widget-text-editor\" data-id=\"4de213e\" data-element_type=\"widget\" data-widget_type=\"text-editor.default\">\n\t\t\t\t<div class=\"elementor-widget-container\">\n\t\t\t\t\t\t\t\t\t<h2 class=\"has-text-align-left wp-block-heading\"><span style=\"color: #000000;\">Schleyer Test Equipment GmbH<\/span><\/h2>\r\n<pre class=\"wp-block-verse\">Calle Alfred Nobel 7 97080 Wurzburgo\r\nCorreo electr\u00f3nico:<a href=\"mailto:info@schleyer-test-equipment.de\" target=\"_blank\" rel=\"noreferrer noopener\" data-type=\"mailto\" data-id=\"mailto: info@schleyer-test-equipment.de\"> info@schleyer-test-equipment.de<\/a>\r\n\r\n<strong>Director General:<\/strong> Bernhard Thein<\/pre>\r\n<pre class=\"wp-block-verse\"><strong>Apoderada:<\/strong> Nicole Thein\r\n\r\nTel\u00e9fono: +49 (0) 931 46791415<\/pre>\r\n<pre class=\"wp-block-verse\">N\u00famero de registro mercantil HRB 10850<\/pre>\t\t\t\t\t\t\t\t<\/div>\n\t\t\t\t<\/div>\n\t\t\t\t<\/div>\n\t\t\t\t<\/div>\n\t\t\t\t<\/div>\n\t\t\t\t<\/div>\n\t\t","protected":false},"excerpt":{"rendered":"<p>Pie de imprenta Schleyer Test Equipment GmbH Calle Alfred Nobel 7 97080 Wurzburgo Correo electr\u00f3nico: info@schleyer-test-equipment.de Director General: Bernhard Thein Apoderada: Nicole Thein Tel\u00e9fono: +49 (0) 931 46791415 N\u00famero de registro mercantil HRB 10850<\/p>\n","protected":false},"author":1,"featured_media":0,"parent":0,"menu_order":0,"comment_status":"closed","ping_status":"closed","template":"elementor_header_footer","meta":{"footnotes":""},"class_list":["post-3337","page","type-page","status-publish","hentry"],"_links":{"self":[{"href":"https:\/\/schleyer-test-equipment.de\/es\/wp-json\/wp\/v2\/pages\/3337","targetHints":{"allow":["GET"]}}],"collection":[{"href":"https:\/\/schleyer-test-equipment.de\/es\/wp-json\/wp\/v2\/pages"}],"about":[{"href":"https:\/\/schleyer-test-equipment.de\/es\/wp-json\/wp\/v2\/types\/page"}],"author":[{"embeddable":true,"href":"https:\/\/schleyer-test-equipment.de\/es\/wp-json\/wp\/v2\/users\/1"}],"replies":[{"embeddable":true,"href":"https:\/\/schleyer-test-equipment.de\/es\/wp-json\/wp\/v2\/comments?post=3337"}],"version-history":[{"count":0,"href":"https:\/\/schleyer-test-equipment.de\/es\/wp-json\/wp\/v2\/pages\/3337\/revisions"}],"wp:attachment":[{"href":"https:\/\/schleyer-test-equipment.de\/es\/wp-json\/wp\/v2\/media?parent=3337"}],"curies":[{"name":"wp","href":"https:\/\/api.w.org\/{rel}","templated":true}]}}