{"id":3326,"date":"2024-09-02T23:57:49","date_gmt":"2024-09-02T23:57:49","guid":{"rendered":"https:\/\/schleyer-test-equipment.de\/proteccion-de-datos\/"},"modified":"2024-10-21T15:01:03","modified_gmt":"2024-10-21T15:01:03","slug":"proteccion-de-datos","status":"publish","type":"page","link":"https:\/\/schleyer-test-equipment.de\/es\/proteccion-de-datos\/","title":{"rendered":"Protecci\u00f3n de datos"},"content":{"rendered":"\t\t<div data-elementor-type=\"wp-page\" data-elementor-id=\"3326\" class=\"elementor elementor-3326 elementor-2704\" data-elementor-post-type=\"page\">\n\t\t\t\t<div class=\"elementor-element elementor-element-5eb8fdf5 e-con-full e-flex e-con e-parent\" data-id=\"5eb8fdf5\" data-element_type=\"container\" data-settings=\"{&quot;background_background&quot;:&quot;gradient&quot;}\">\n\t\t<div class=\"elementor-element elementor-element-6ad98d66 e-con-full content-wrapper e-flex e-con e-child\" data-id=\"6ad98d66\" data-element_type=\"container\" data-settings=\"{&quot;background_background&quot;:&quot;gradient&quot;}\">\n\t\t<div class=\"elementor-element elementor-element-58769b64 e-con-full e-flex e-con e-child\" data-id=\"58769b64\" data-element_type=\"container\" data-settings=\"{&quot;background_background&quot;:&quot;classic&quot;}\">\n\t\t\t\t<div class=\"elementor-element elementor-element-b2e607a elementor-widget elementor-widget-heading\" data-id=\"b2e607a\" data-element_type=\"widget\" data-widget_type=\"heading.default\">\n\t\t\t\t<div class=\"elementor-widget-container\">\n\t\t\t\t\t<h2 class=\"elementor-heading-title elementor-size-default\">Protecci\u00f3n de datos<\/h2>\t\t\t\t<\/div>\n\t\t\t\t<\/div>\n\t\t\t\t<div class=\"elementor-element elementor-element-2a141ad elementor-widget elementor-widget-text-editor\" data-id=\"2a141ad\" data-element_type=\"widget\" data-widget_type=\"text-editor.default\">\n\t\t\t\t<div class=\"elementor-widget-container\">\n\t\t\t\t\t\t\t\t\t<h3><span style=\"color: #000000;\">\u00abDatos personales\u00bb<\/span><\/h3>\n<p>se refiere a cualquier informaci\u00f3n que identifique o pueda utilizarse para identificar, contactar o localizar al individuo al que se refiere la informaci\u00f3n, incluidos, entre otros, el nombre, la direcci\u00f3n, el n\u00famero de tel\u00e9fono, el n\u00famero de fax, la direcci\u00f3n de correo electr\u00f3nico, los perfiles financieros, el n\u00famero de la seguridad social y la informaci\u00f3n sobre tarjetas de cr\u00e9dito. La informaci\u00f3n personal identificable no incluye la informaci\u00f3n que se recoge de forma an\u00f3nima (es decir, sin identificar al usuario individual) ni la informaci\u00f3n demogr\u00e1fica que no est\u00e1 vinculada a un individuo identificado. <\/p>\n<h3><span style=\"color: #000000;\">\u00bfQu\u00e9 datos personales se recogen?<\/span><\/h3>\n<p>Podemos recopilar informaci\u00f3n b\u00e1sica sobre el perfil de usuario de todos nuestros visitantes. Recogemos la siguiente informaci\u00f3n adicional de nuestros clientes autorizados: el nombre, la direcci\u00f3n de correo electr\u00f3nico, el n\u00famero de tel\u00e9fono, la direcci\u00f3n, la informaci\u00f3n del perfil en las redes sociales, <\/p>\n<h3><span style=\"color: #000000;\">\u00bfQu\u00e9 organizaciones recogen la informaci\u00f3n?<\/span><\/h3>\n<p>Adem\u00e1s de nuestra recogida directa de informaci\u00f3n, nuestros proveedores de servicios externos (por ejemplo, empresas de tarjetas de cr\u00e9dito, c\u00e1maras de compensaci\u00f3n y bancos) que prestan servicios como cr\u00e9ditos, seguros y servicios de custodia pueden recoger esta informaci\u00f3n de nuestros Visitantes y Clientes Autorizados. No tenemos control sobre c\u00f3mo utilizan estos terceros dicha informaci\u00f3n, pero les pedimos que revelen c\u00f3mo utilizan la informaci\u00f3n personal que les proporcionan los Visitantes y Clientes Autorizados. Algunos de estos terceros pueden ser intermediarios que act\u00faan \u00fanicamente como eslabones de la cadena de distribuci\u00f3n y no almacenan, conservan ni utilizan la informaci\u00f3n que se les proporciona.  <\/p>\n<h3><span style=\"color: #000000;\">\u00bfC\u00f3mo utiliza el sitio web la informaci\u00f3n personal?<\/span><\/h3>\n<p>Utilizamos los datos personales para personalizar el sitio web, proporcionar ofertas de servicio adecuadas y satisfacer las solicitudes de compra y venta en el sitio web. Podemos notificar a los visitantes y clientes autorizados por correo electr\u00f3nico sobre oportunidades de investigaci\u00f3n o de compra y venta en el Sitio Web o informaci\u00f3n sobre el tema del Sitio Web. Tambi\u00e9n podemos utilizar los Datos Personales para ponernos en contacto con los Visitantes y Clientes Autorizados en respuesta a consultas espec\u00edficas o para proporcionar la informaci\u00f3n solicitada.  <\/p>\n<h3><span style=\"color: #000000;\">\u00bfCon qui\u00e9n se puede compartir la informaci\u00f3n?<\/span><\/h3>\n<p>La informaci\u00f3n personal sobre Clientes Autorizados puede compartirse con otros Clientes Autorizados que deseen evaluar posibles transacciones con otros Clientes Autorizados. Podemos compartir informaci\u00f3n agregada sobre nuestros Visitantes, incluida informaci\u00f3n demogr\u00e1fica sobre nuestros Visitantes y Clientes Autorizados, con nuestras agencias afiliadas y terceros proveedores de servicios. Tambi\u00e9n ofrecemos la posibilidad de \u00abexcluirse\u00bb de recibir informaci\u00f3n o de ser contactado por nosotros o por una agencia que act\u00fae en nuestro nombre.  <\/p>\n<h3><span style=\"color: #000000;\">\u00bfC\u00f3mo se almacenan los datos personales?<\/span><\/h3>\n<p>Informaci\u00f3n de identificaci\u00f3n personal que Schleyer-Test-Equipment GmbH y terceros o empleados de Schleyer-Test-Equipment GmbH guardan de forma segura, excepto para el uso indicado anteriormente.<\/p>\n<h3><span style=\"color: #000000;\">\u00bfDe qu\u00e9 opciones disponen los visitantes para obtener, utilizar y distribuir informaci\u00f3n?<\/span><\/h3>\n<p>Los Visitantes y Clientes Autorizados pueden optar por no recibir informaci\u00f3n no solicitada o por no ser contactados por nosotros y\/o nuestros proveedores y agencias afiliadas respondiendo a los correos electr\u00f3nicos poni\u00e9ndose en contacto con nosotros a trav\u00e9s de nuestro, seg\u00fan las instrucciones, o del servicio de ayuda info@schleyer-test-equipment.de.<\/p>\n<h3><span style=\"color: #000000;\">Cookies<\/span><\/h3>\n<p>Una cookie es una cadena de informaci\u00f3n que un sitio web almacena en el ordenador del visitante y que el navegador del visitante pone a su disposici\u00f3n cada vez que vuelve a visitar el sitio web.<\/p>\n<p>Utilizamos \u00abcookies\u00bb para recoger informaci\u00f3n. Puedes indicar a tu navegador que rechace todas las cookies o que indique cu\u00e1ndo se env\u00eda una cookie. Sin embargo, si no aceptas las cookies, es posible que no puedas utilizar algunas partes de nuestro servicio.  <\/p>\n<h3><span style=\"color: #000000;\">\u00bfSe utilizan cookies en el sitio web?<\/span><\/h3>\n<p>Las cookies se utilizan por varias razones. Utilizamos cookies para obtener informaci\u00f3n sobre las preferencias de nuestros visitantes y los servicios que seleccionan. Tambi\u00e9n utilizamos cookies con fines de seguridad para proteger a nuestros clientes autorizados. Por ejemplo, si un cliente autorizado est\u00e1 conectado y el sitio web no se utiliza durante m\u00e1s de 10 minutos, autom\u00e1ticamente cerramos la sesi\u00f3n del cliente autorizado. Los visitantes que no deseen que se instalen cookies en sus ordenadores deben configurar sus navegadores para que rechacen las cookies antes de utilizar https:\/\/schleyer-test-equipment.de , con el inconveniente de que algunas funciones del sitio web pueden no funcionar correctamente sin la ayuda de las cookies.    <\/p>\n<h3><span style=\"color: #000000;\">Cookies utilizadas por nuestros proveedores de servicios<\/span><\/h3>\n<p>Nuestros proveedores de servicios utilizan cookies y estas cookies pueden almacenarse en tu ordenador cuando visitas nuestro sitio web. Puedes encontrar m\u00e1s informaci\u00f3n sobre qu\u00e9 cookies se utilizan en nuestra p\u00e1gina de informaci\u00f3n sobre cookies. <\/p>\n<h3><span style=\"color: #000000;\">\u00bfC\u00f3mo utiliza WPLegalPages la informaci\u00f3n de acceso?<\/span><\/h3>\n<p>Schleyer-Test-Equipment GmbH utiliza la informaci\u00f3n de acceso, incluyendo, entre otros, direcciones IP, ISP y tipos de navegador, versi\u00f3n del navegador, p\u00e1ginas visitadas, fecha y hora de la visita, para analizar tendencias, administrar el sitio, rastrear el movimiento y uso de un usuario y recopilar informaci\u00f3n demogr\u00e1fica general.<\/p>\n<h3><span style=\"color: #000000;\">\u00bfQu\u00e9 socios o proveedores de servicios tienen acceso a los datos personales de los visitantes y\/o clientes autorizados en el sitio web?<\/span><\/h3>\n<p>Schleyer-Test-Equipment GmbH ha establecido y continuar\u00e1 estableciendo asociaciones y otras afiliaciones con varios proveedores. Dichos proveedores pueden tener acceso a cierta informaci\u00f3n personal identificable cuando necesiten conocer la base para evaluar el rendimiento de los clientes autorizados. Nuestra pol\u00edtica de privacidad no cubre la recogida ni el uso de esta informaci\u00f3n.  <\/p>\n<h3><span style=\"color: #000000;\">\u00bfC\u00f3mo funciona el sitio web para mantener seguros los datos personales?<\/span><\/h3>\n<p>Todos nuestros empleados conocen nuestras pol\u00edticas y pr\u00e1cticas de seguridad. Los datos personales de nuestros visitantes y clientes autorizados s\u00f3lo son accesibles a un n\u00famero limitado de empleados cualificados que disponen de una contrase\u00f1a para acceder a ellos. Revisamos peri\u00f3dicamente nuestros sistemas y procesos de seguridad. La informaci\u00f3n sensible, como los n\u00fameros de las tarjetas de cr\u00e9dito o de la seguridad social, est\u00e1 protegida por protocolos de encriptaci\u00f3n establecidos para proteger la informaci\u00f3n enviada por Internet. Aunque tomamos medidas comercialmente razonables para mantener un sitio web seguro, las comunicaciones electr\u00f3nicas y las bases de datos est\u00e1n sujetas a errores, manipulaciones e intrusiones, y no podemos garantizar ni asegurar que no se produzcan tales hechos, y no seremos responsables ante los Visitantes o Clientes Autorizados de que se produzcan.    <\/p>\n<h3><span style=\"color: #000000;\">\u00bfC\u00f3mo pueden los visitantes corregir una inexactitud en sus datos personales?<\/span><\/h3>\n<p>Los visitantes y clientes autorizados pueden ponerse en contacto con nosotros para actualizar la informaci\u00f3n que les identifique personalmente o para corregir inexactitudes correo electr\u00f3nico support@RapidNicheWebsites.com info@schleyer-test-equipment.de .<\/p>\n<h3><span style=\"color: #000000;\">\u00bfPuede un visitante borrar o desactivar la informaci\u00f3n personal recogida por el sitio web?<\/span><\/h3>\n<p>Proporcionamos un mecanismo para que los visitantes y clientes autorizados puedan eliminar\/desactivar informaci\u00f3n personal de la base de datos del sitio web poni\u00e9ndose en contacto con nosotros. Sin embargo, debido a las copias de seguridad y a los registros de eliminaciones, puede resultar imposible eliminar la entrada de un visitante sin conservar alguna informaci\u00f3n residual. En el caso de una persona que solicite la eliminaci\u00f3n de informaci\u00f3n personal, dicha informaci\u00f3n se eliminar\u00e1 funcionalmente y no venderemos, transferiremos ni utilizaremos ninguna informaci\u00f3n personal relativa a dicha persona en el futuro.  <\/p>\n<h3><span style=\"color: #000000;\">Tus derechos<\/span><\/h3>\n<p>Estos son los derechos resumidos a los que tienes derecho seg\u00fan la ley de protecci\u00f3n de datos<\/p>\n<ul>\n<li>Derecho a la informaci\u00f3n<\/li>\n<li>Derecho de rectificaci\u00f3n<\/li>\n<li>Derecho de cancelaci\u00f3n<\/li>\n<li>Derecho a la limitaci\u00f3n del tratamiento<\/li>\n<li>Lugar de procesamiento<\/li>\n<li>Derecho a la portabilidad de los datos<\/li>\n<li>El interesado tiene derecho a presentar una reclamaci\u00f3n ante una autoridad de control<\/li>\n<li>Derecho a retirar el consentimiento<\/li>\n<\/ul>\n<h3><span style=\"color: #000000;\">Protecci\u00f3n de datos de menores<\/span><\/h3>\n<p>Nuestro Servicio no est\u00e1 dirigido a \u00abni\u00f1os\u00bb, personas menores de 18 a\u00f1os, y no recopilamos conscientemente informaci\u00f3n personal de ni\u00f1os menores de 18 a\u00f1os.<\/p>\n<p>Si eres padre, madre o tutor y tienes conocimiento de que tu hijo nos ha proporcionado datos personales, ponte en contacto con nosotros inmediatamente utilizando los datos de contacto facilitados. Si tenemos conocimiento de que ni\u00f1os menores de 18 a\u00f1os nos han proporcionado datos personales, eliminaremos la informaci\u00f3n de nuestros servidores inmediatamente. <\/p>\n<h3><span style=\"color: #000000;\">Cumplimiento de la legislaci\u00f3n vigente<\/span><\/h3>\n<p>Divulgaci\u00f3n de informaci\u00f3n personal para cumplir la ley. Revelaremos informaci\u00f3n personal para cumplir una orden judicial o una citaci\u00f3n o una solicitud de informaci\u00f3n de un organismo encargado de hacer cumplir la ley. Tambi\u00e9n revelaremos informaci\u00f3n personal cuando sea razonablemente necesario para proteger la seguridad de nuestros visitantes y clientes autorizados.  <\/p>\n<h3><span style=\"color: #000000;\">\u00bfQu\u00e9 ocurre si cambia la pol\u00edtica de protecci\u00f3n de datos?<\/span><\/h3>\n<p>Notificaremos a nuestros Visitantes y Clientes Autorizados los cambios en nuestra Pol\u00edtica de Privacidad publicando dichos cambios en el Sitio. Sin embargo, si cambiamos nuestra Pol\u00edtica de Privacidad de manera que pueda resultar en la no divulgaci\u00f3n de informaci\u00f3n personal previamente solicitada por un Visitante o Cliente Autorizado, nos pondremos en contacto con dicho Visitante o Cliente Autorizado para que \u00e9ste pueda evitar dicha divulgaci\u00f3n. <\/p>\n<h3><span style=\"color: #000000;\">Enlaces<\/span><\/h3>\n<p>https:\/\/schleyer-test-equipment.de contiene enlaces a otros sitios web. Ten en cuenta que si haces clic en uno de estos enlaces, ser\u00e1s dirigido a otro sitio web. Te recomendamos que leas las declaraciones de protecci\u00f3n de datos de estos sitios web enlazados, ya que sus directrices de protecci\u00f3n de datos pueden diferir de las nuestras.  <\/p>\n<h3><span style=\"color: #000000;\">Ponte en contacto con nosotros<\/span><\/h3>\n<p>Si tienes alguna pregunta sobre esta pol\u00edtica de privacidad, ponte en contacto con nosotros en: info@schleyer-test-equipment.de<\/p>\n<hr>\n<p>Versi\u00f3n aprobada: 15 de enero de 2023 <\/p>\n\t\t\t\t\t\t\t\t<\/div>\n\t\t\t\t<\/div>\n\t\t\t\t<\/div>\n\t\t\t\t<div class=\"elementor-element elementor-element-66ae5663 elementor-widget elementor-widget-html\" data-id=\"66ae5663\" data-element_type=\"widget\" data-widget_type=\"html.default\">\n\t\t\t\t<div class=\"elementor-widget-container\">\n\t\t\t\t\t<style>\r\n.description-container {\r\n    overflow: hidden;\r\n}\r\n\r\n.description {\r\n    transition: opacity 0.5s ease, max-height 0.5s ease, margin-top 0.5s ease;\r\n}\r\n\r\n.hidden {\r\n    max-height: 0;\r\n    opacity: 0;\r\n    visibility: hidden;\r\n    margin-top: 0; \/* Ensure no space when hidden *\/\r\n}\r\n\r\n.visible {\r\n    max-height: 600px; \/* Adjust as necessary *\/\r\n    opacity: 1;\r\n    visibility: visible;\r\n}\r\n@media(max-width: 660px){\r\n    .visible {\r\n        max-height: auto;\r\n    }\r\n}\r\n\r\n\r\n<\/style>\r\n<script>\r\n document.addEventListener(\"DOMContentLoaded\", function() {\r\n    const sections = ['section1','section2', 'section3','section4']; \/\/ Add all your section IDs here\r\n\r\n    sections.forEach(sectionId => {\r\n        const button = document.getElementById(`button-${sectionId}`);\r\n        button.addEventListener('click', function(event) {\r\n            event.preventDefault(); \/\/ Prevent page reload\r\n            toggleDescription(sectionId);\r\n        });\r\n    });\r\n});\r\n\r\nfunction toggleDescription(sectionId) {\r\n    const container = document.getElementById(sectionId);\r\n    const smallDescription = container.querySelector('.small-description');\r\n    const longDescription = container.querySelector('.long-description');\r\n    const buttonText = container.querySelector('.toggle-button .elementor-button-text');\r\n\r\n    if (smallDescription.classList.contains('hidden')) {\r\n        smallDescription.classList.remove('hidden');\r\n        smallDescription.classList.add('visible');\r\n        longDescription.classList.remove('visible');\r\n        longDescription.classList.add('hidden');\r\n        buttonText.textContent = 'MEHR ERFAHREN'; \/\/ Reset to original text\r\n    } else {\r\n        smallDescription.classList.remove('visible');\r\n        smallDescription.classList.add('hidden');\r\n        longDescription.classList.remove('hidden');\r\n        longDescription.classList.add('visible');\r\n        buttonText.textContent = 'WENIGER ANZEIGEN'; \/\/ Change to \"Show Less\" equivalent\r\n    }\r\n}\r\n\r\n\r\n<\/script>\t\t\t\t<\/div>\n\t\t\t\t<\/div>\n\t\t\t\t<\/div>\n\t\t\t\t<\/div>\n\t\t\t\t<\/div>\n\t\t","protected":false},"excerpt":{"rendered":"<p>Protecci\u00f3n de datos \u00abDatos personales\u00bb se refiere a cualquier informaci\u00f3n que identifique o pueda utilizarse para identificar, contactar o localizar al individuo al que se refiere la informaci\u00f3n, incluidos, entre otros, el nombre, la direcci\u00f3n, el n\u00famero de tel\u00e9fono, el n\u00famero de fax, la direcci\u00f3n de correo electr\u00f3nico, los perfiles financieros, el n\u00famero de la [&hellip;]<\/p>\n","protected":false},"author":1,"featured_media":0,"parent":0,"menu_order":0,"comment_status":"closed","ping_status":"closed","template":"elementor_header_footer","meta":{"footnotes":""},"class_list":["post-3326","page","type-page","status-publish","hentry"],"_links":{"self":[{"href":"https:\/\/schleyer-test-equipment.de\/es\/wp-json\/wp\/v2\/pages\/3326","targetHints":{"allow":["GET"]}}],"collection":[{"href":"https:\/\/schleyer-test-equipment.de\/es\/wp-json\/wp\/v2\/pages"}],"about":[{"href":"https:\/\/schleyer-test-equipment.de\/es\/wp-json\/wp\/v2\/types\/page"}],"author":[{"embeddable":true,"href":"https:\/\/schleyer-test-equipment.de\/es\/wp-json\/wp\/v2\/users\/1"}],"replies":[{"embeddable":true,"href":"https:\/\/schleyer-test-equipment.de\/es\/wp-json\/wp\/v2\/comments?post=3326"}],"version-history":[{"count":0,"href":"https:\/\/schleyer-test-equipment.de\/es\/wp-json\/wp\/v2\/pages\/3326\/revisions"}],"wp:attachment":[{"href":"https:\/\/schleyer-test-equipment.de\/es\/wp-json\/wp\/v2\/media?parent=3326"}],"curies":[{"name":"wp","href":"https:\/\/api.w.org\/{rel}","templated":true}]}}