{"id":3323,"date":"2024-09-01T07:55:48","date_gmt":"2024-09-01T07:55:48","guid":{"rendered":"https:\/\/schleyer-test-equipment.de\/sobre-nosotros\/"},"modified":"2024-10-23T08:34:35","modified_gmt":"2024-10-23T08:34:35","slug":"sobre-nosotros","status":"publish","type":"page","link":"https:\/\/schleyer-test-equipment.de\/es\/sobre-nosotros\/","title":{"rendered":"Sobre nosotros"},"content":{"rendered":"\t\t<div data-elementor-type=\"wp-page\" data-elementor-id=\"3323\" class=\"elementor elementor-3323 elementor-1818\" data-elementor-post-type=\"page\">\n\t\t\t\t<div class=\"elementor-element elementor-element-bb8541e e-con-full main-container e-flex e-con e-parent\" data-id=\"bb8541e\" data-element_type=\"container\" data-settings=\"{&quot;background_background&quot;:&quot;gradient&quot;}\">\n\t\t<div class=\"elementor-element elementor-element-bb76800 e-con-full content-wrapper e-flex e-con e-child\" data-id=\"bb76800\" data-element_type=\"container\" data-settings=\"{&quot;background_background&quot;:&quot;gradient&quot;}\">\n\t\t<div class=\"elementor-element elementor-element-1ed4563 e-con-full e-flex e-con e-child\" data-id=\"1ed4563\" data-element_type=\"container\" data-settings=\"{&quot;background_background&quot;:&quot;classic&quot;}\">\n\t\t<div class=\"elementor-element elementor-element-4854efd e-con-full e-flex elementor-invisible e-con e-child\" data-id=\"4854efd\" data-element_type=\"container\" data-settings=\"{&quot;animation&quot;:&quot;fadeIn&quot;}\">\n\t\t\t\t<div class=\"elementor-element elementor-element-13c31e8 elementor-widget elementor-widget-heading\" data-id=\"13c31e8\" data-element_type=\"widget\" data-widget_type=\"heading.default\">\n\t\t\t\t<div class=\"elementor-widget-container\">\n\t\t\t\t\t<h2 class=\"elementor-heading-title elementor-size-default\"><br>CALIDAD E INNOVACI\u00d3N EN LA TECNOLOG\u00cdA DEL MOTOR - DESDE LOS A\u00d1OS 50<\/h2>\t\t\t\t<\/div>\n\t\t\t\t<\/div>\n\t\t\t\t<div class=\"elementor-element elementor-element-b61e3fd elementor-hidden-mobile elementor-widget elementor-widget-button\" data-id=\"b61e3fd\" data-element_type=\"widget\" data-widget_type=\"button.default\">\n\t\t\t\t<div class=\"elementor-widget-container\">\n\t\t\t\t\t\t\t\t\t<div class=\"elementor-button-wrapper\">\n\t\t\t\t\t<a class=\"elementor-button elementor-button-link elementor-size-sm\" href=\"#about\">\n\t\t\t\t\t\t<span class=\"elementor-button-content-wrapper\">\n\t\t\t\t\t\t<span class=\"elementor-button-icon\">\n\t\t\t\t<svg aria-hidden=\"true\" class=\"e-font-icon-svg e-far-arrow-alt-circle-down\" viewBox=\"0 0 512 512\" xmlns=\"http:\/\/www.w3.org\/2000\/svg\"><path d=\"M256 8C119 8 8 119 8 256s111 248 248 248 248-111 248-248S393 8 256 8zm0 448c-110.5 0-200-89.5-200-200S145.5 56 256 56s200 89.5 200 200-89.5 200-200 200zm-32-316v116h-67c-10.7 0-16 12.9-8.5 20.5l99 99c4.7 4.7 12.3 4.7 17 0l99-99c7.6-7.6 2.2-20.5-8.5-20.5h-67V140c0-6.6-5.4-12-12-12h-40c-6.6 0-12 5.4-12 12z\"><\/path><\/svg>\t\t\t<\/span>\n\t\t\t\t\t\t\t\t<\/span>\n\t\t\t\t\t<\/a>\n\t\t\t\t<\/div>\n\t\t\t\t\t\t\t\t<\/div>\n\t\t\t\t<\/div>\n\t\t\t\t<\/div>\n\t\t\t\t<\/div>\n\t\t<div class=\"elementor-element elementor-element-79653fb e-con-full e-flex elementor-invisible e-con e-child\" data-id=\"79653fb\" data-element_type=\"container\" data-settings=\"{&quot;background_background&quot;:&quot;classic&quot;,&quot;animation_delay&quot;:1000,&quot;animation&quot;:&quot;fadeIn&quot;}\">\n\t\t\t\t<div class=\"elementor-element elementor-element-5248df3 elementor-widget elementor-widget-text-editor\" data-id=\"5248df3\" data-element_type=\"widget\" data-widget_type=\"text-editor.default\">\n\t\t\t\t<div class=\"elementor-widget-container\">\n\t\t\t\t\t\t\t\t\t<p>Schleyer-Test-Equipment GmbH lleva d\u00e9cadas fabricando robustos sistemas de prueba \u00abMade in Germany\u00bb para motores de combusti\u00f3n, reconocidos en todo el mundo. Estos sistemas ofrecen la m\u00e1xima precisi\u00f3n y fiabilidad, ideales para usuarios profesionales y mec\u00e1nicos aficionados. <\/p>\n\t\t\t\t\t\t\t\t<\/div>\n\t\t\t\t<\/div>\n\t\t\t\t<\/div>\n\t\t<div class=\"elementor-element elementor-element-1fc59a6 e-con-full e-flex elementor-invisible e-con e-child\" data-id=\"1fc59a6\" data-element_type=\"container\" data-settings=\"{&quot;background_background&quot;:&quot;classic&quot;,&quot;animation_delay&quot;:1500,&quot;animation&quot;:&quot;fadeInDown&quot;}\">\n\t\t<div class=\"elementor-element elementor-element-b52b63f e-con-full e-flex e-con e-child\" data-id=\"b52b63f\" data-element_type=\"container\">\n\t\t\t\t<div class=\"elementor-element elementor-element-213cdf1 elementor-widget elementor-widget-heading\" data-id=\"213cdf1\" data-element_type=\"widget\" data-widget_type=\"heading.default\">\n\t\t\t\t<div class=\"elementor-widget-container\">\n\t\t\t\t\t<h5 class=\"elementor-heading-title elementor-size-default\">INNOVACI\u00d3N PARA EL TALLER Y LA AFICI\u00d3N:<\/h5>\t\t\t\t<\/div>\n\t\t\t\t<\/div>\n\t\t\t\t<div class=\"elementor-element elementor-element-671867e elementor-widget elementor-widget-heading\" data-id=\"671867e\" data-element_type=\"widget\" data-widget_type=\"heading.default\">\n\t\t\t\t<div class=\"elementor-widget-container\">\n\t\t\t\t\t<h3 class=\"elementor-heading-title elementor-size-default\">Sincr\u00f3metro y comprobador de fugas de CO2<\/h3>\t\t\t\t<\/div>\n\t\t\t\t<\/div>\n\t\t\t\t<div class=\"elementor-element elementor-element-e86acb5 elementor-widget elementor-widget-text-editor\" data-id=\"e86acb5\" data-element_type=\"widget\" data-widget_type=\"text-editor.default\">\n\t\t\t\t<div class=\"elementor-widget-container\">\n\t\t\t\t\t\t\t\t\t<p>Con el sincr\u00f3metro SK o BK, los mec\u00e1nicos, restauradores de coches y aficionados pueden comprobar y ajustar r\u00e1pida y f\u00e1cilmente el caudal de aire exacto del carburador sin desmontarlo. El comprobador de fugas de CO2 es necesario para la detecci\u00f3n precoz y fiable de fugas entre la c\u00e1mara de combusti\u00f3n y el sistema de refrigeraci\u00f3n.<\/p>\t\t\t\t\t\t\t\t<\/div>\n\t\t\t\t<\/div>\n\t\t\t\t<\/div>\n\t\t<div class=\"elementor-element elementor-element-742379f e-con-full e-flex e-con e-child\" data-id=\"742379f\" data-element_type=\"container\">\n\t\t\t\t<div class=\"elementor-element elementor-element-e67f546 elementor-widget elementor-widget-heading\" data-id=\"e67f546\" data-element_type=\"widget\" data-widget_type=\"heading.default\">\n\t\t\t\t<div class=\"elementor-widget-container\">\n\t\t\t\t\t<h5 class=\"elementor-heading-title elementor-size-default\">DE PIONERO A MARCA GLOBAL:  <\/h5>\t\t\t\t<\/div>\n\t\t\t\t<\/div>\n\t\t\t\t<div class=\"elementor-element elementor-element-c796e4a elementor-widget elementor-widget-heading\" data-id=\"c796e4a\" data-element_type=\"widget\" data-widget_type=\"heading.default\">\n\t\t\t\t<div class=\"elementor-widget-container\">\n\t\t\t\t\t<h3 class=\"elementor-heading-title elementor-size-default\">La historia de PHILIPP M. SCHLEYER<\/h3>\t\t\t\t<\/div>\n\t\t\t\t<\/div>\n\t\t\t\t<div class=\"elementor-element elementor-element-e6343b8 elementor-widget elementor-widget-text-editor\" data-id=\"e6343b8\" data-element_type=\"widget\" data-widget_type=\"text-editor.default\">\n\t\t\t\t<div class=\"elementor-widget-container\">\n\t\t\t\t\t\t\t\t\t<p>A finales de los a\u00f1os 50, el inventor del dispositivo de prueba, el Sr. Philipp M. Schleyer, fund\u00f3 la empresa \u00abSchleyer Test Equipment\u00bb. Anteriormente, el Sr. Schleyer hab\u00eda viajado por todo el mundo y hab\u00eda trabajado como aficionado en Am\u00e9rica, donde desmont\u00f3 un avi\u00f3n y lo hizo enviar a Alemania por piezas para volver a montarlo. Gracias a sus numerosos contactos en todo el mundo, pudo dar a conocer r\u00e1pidamente su equipo de pruebas en todas partes.  <\/p>\n\t\t\t\t\t\t\t\t<\/div>\n\t\t\t\t<\/div>\n\t\t\t\t<\/div>\n\t\t\t\t<\/div>\n\t\t<div class=\"elementor-element elementor-element-7a771b1 e-con-full e-flex elementor-invisible e-con e-child\" data-id=\"7a771b1\" data-element_type=\"container\" data-settings=\"{&quot;background_background&quot;:&quot;classic&quot;,&quot;animation_delay&quot;:1000,&quot;animation&quot;:&quot;fadeInRight&quot;}\">\n\t\t\t\t<\/div>\n\t\t<div class=\"elementor-element elementor-element-275e827 e-con-full e-flex e-con e-child\" data-id=\"275e827\" data-element_type=\"container\" data-settings=\"{&quot;background_background&quot;:&quot;classic&quot;}\">\n\t\t<div class=\"elementor-element elementor-element-ccb8b54 e-con-full e-flex elementor-invisible e-con e-child\" data-id=\"ccb8b54\" data-element_type=\"container\" data-settings=\"{&quot;animation&quot;:&quot;slideInDown&quot;}\">\n\t\t<div class=\"elementor-element elementor-element-d8529f5 e-con-full e-flex e-con e-child\" data-id=\"d8529f5\" data-element_type=\"container\">\n\t\t\t\t<div class=\"elementor-element elementor-element-3506e37 elementor-widget elementor-widget-heading\" data-id=\"3506e37\" data-element_type=\"widget\" data-widget_type=\"heading.default\">\n\t\t\t\t<div class=\"elementor-widget-container\">\n\t\t\t\t\t<h5 class=\"elementor-heading-title elementor-size-default\">El liderazgo y el futuro<\/h5>\t\t\t\t<\/div>\n\t\t\t\t<\/div>\n\t\t\t\t<div class=\"elementor-element elementor-element-fd747b4 elementor-widget elementor-widget-heading\" data-id=\"fd747b4\" data-element_type=\"widget\" data-widget_type=\"heading.default\">\n\t\t\t\t<div class=\"elementor-widget-container\">\n\t\t\t\t\t<h3 class=\"elementor-heading-title elementor-size-default\">BAJO LA FAMILIA THEIN<\/h3>\t\t\t\t<\/div>\n\t\t\t\t<\/div>\n\t\t\t\t<\/div>\n\t\t<div class=\"elementor-element elementor-element-6ceb86a e-con-full e-flex e-con e-child\" data-id=\"6ceb86a\" data-element_type=\"container\">\n\t\t\t\t<div class=\"elementor-element elementor-element-0aeaad8 elementor-widget elementor-widget-text-editor\" data-id=\"0aeaad8\" data-element_type=\"widget\" data-widget_type=\"text-editor.default\">\n\t\t\t\t<div class=\"elementor-widget-container\">\n\t\t\t\t\t\t\t\t\t<p>Desde 2023, la empresa ha sido ampliada, modernizada y continuada con \u00e9xito por la familia Thein, parientes de Philipp Schleyer. La empresa familiar cuenta con el apoyo de personal cualificado, como t\u00e9cnicos y maestros artesanos. La misi\u00f3n de la empresa es proporcionar a los clientes finales de todo el mundo electrodom\u00e9sticos de alta calidad \u00abMade in Germany\u00bb, manteniendo el m\u00e1ximo nivel de satisfacci\u00f3n del cliente.  <\/p>\n\t\t\t\t\t\t\t\t<\/div>\n\t\t\t\t<\/div>\n\t\t\t\t<\/div>\n\t\t\t\t<\/div>\n\t\t\t\t<\/div>\n\t\t<div class=\"elementor-element elementor-element-24db5e9 e-con-full e-flex elementor-invisible e-con e-child\" data-id=\"24db5e9\" data-element_type=\"container\" data-settings=\"{&quot;background_background&quot;:&quot;classic&quot;,&quot;animation_delay&quot;:1000,&quot;animation&quot;:&quot;fadeInRight&quot;}\">\n\t\t<div class=\"elementor-element elementor-element-b1b41e6 e-con-full e-flex elementor-invisible e-con e-child\" data-id=\"b1b41e6\" data-element_type=\"container\" data-settings=\"{&quot;background_background&quot;:&quot;classic&quot;,&quot;animation&quot;:&quot;fadeIn&quot;,&quot;animation_delay&quot;:1000}\">\n\t\t\t\t<div class=\"elementor-element elementor-element-972b01a elementor-widget elementor-widget-heading\" data-id=\"972b01a\" data-element_type=\"widget\" data-widget_type=\"heading.default\">\n\t\t\t\t<div class=\"elementor-widget-container\">\n\t\t\t\t\t<span class=\"elementor-heading-title elementor-size-default\">DESCUBRE EL<\/span>\t\t\t\t<\/div>\n\t\t\t\t<\/div>\n\t\t\t\t<div class=\"elementor-element elementor-element-f13492c elementor-widget elementor-widget-heading\" data-id=\"f13492c\" data-element_type=\"widget\" data-widget_type=\"heading.default\">\n\t\t\t\t<div class=\"elementor-widget-container\">\n\t\t\t\t\t<h2 class=\"elementor-heading-title elementor-size-default\">PAQUETE INTEGRAL SIN PREOCUPACIONES<\/h2>\t\t\t\t<\/div>\n\t\t\t\t<\/div>\n\t\t\t\t<div class=\"elementor-element elementor-element-0e2966d elementor-align-left elementor-widget elementor-widget-button\" data-id=\"0e2966d\" data-element_type=\"widget\" data-widget_type=\"button.default\">\n\t\t\t\t<div class=\"elementor-widget-container\">\n\t\t\t\t\t\t\t\t\t<div class=\"elementor-button-wrapper\">\n\t\t\t\t\t<a class=\"elementor-button elementor-button-link elementor-size-sm\" href=\"https:\/\/schleyer-test-equipment.de\/es\/producto\/\">\n\t\t\t\t\t\t<span class=\"elementor-button-content-wrapper\">\n\t\t\t\t\t\t\t\t\t<span class=\"elementor-button-text\">\u00a1Desc\u00fabrelo ahora!<\/span>\n\t\t\t\t\t<\/span>\n\t\t\t\t\t<\/a>\n\t\t\t\t<\/div>\n\t\t\t\t\t\t\t\t<\/div>\n\t\t\t\t<\/div>\n\t\t\t\t<\/div>\n\t\t\t\t<\/div>\n\t\t\t\t<\/div>\n\t\t\t\t<\/div>\n\t\t\t\t<\/div>\n\t\t","protected":false},"excerpt":{"rendered":"<p>CALIDAD E INNOVACI\u00d3N EN LA TECNOLOG\u00cdA DEL MOTOR &#8211; DESDE LOS A\u00d1OS 50 Schleyer-Test-Equipment GmbH lleva d\u00e9cadas fabricando robustos sistemas de prueba \u00abMade in Germany\u00bb para motores de combusti\u00f3n, reconocidos en todo el mundo. Estos sistemas ofrecen la m\u00e1xima precisi\u00f3n y fiabilidad, ideales para usuarios profesionales y mec\u00e1nicos aficionados. INNOVACI\u00d3N PARA EL TALLER Y LA [&hellip;]<\/p>\n","protected":false},"author":2,"featured_media":0,"parent":0,"menu_order":0,"comment_status":"closed","ping_status":"closed","template":"elementor_header_footer","meta":{"footnotes":""},"class_list":["post-3323","page","type-page","status-publish","hentry"],"_links":{"self":[{"href":"https:\/\/schleyer-test-equipment.de\/es\/wp-json\/wp\/v2\/pages\/3323","targetHints":{"allow":["GET"]}}],"collection":[{"href":"https:\/\/schleyer-test-equipment.de\/es\/wp-json\/wp\/v2\/pages"}],"about":[{"href":"https:\/\/schleyer-test-equipment.de\/es\/wp-json\/wp\/v2\/types\/page"}],"author":[{"embeddable":true,"href":"https:\/\/schleyer-test-equipment.de\/es\/wp-json\/wp\/v2\/users\/2"}],"replies":[{"embeddable":true,"href":"https:\/\/schleyer-test-equipment.de\/es\/wp-json\/wp\/v2\/comments?post=3323"}],"version-history":[{"count":0,"href":"https:\/\/schleyer-test-equipment.de\/es\/wp-json\/wp\/v2\/pages\/3323\/revisions"}],"wp:attachment":[{"href":"https:\/\/schleyer-test-equipment.de\/es\/wp-json\/wp\/v2\/media?parent=3323"}],"curies":[{"name":"wp","href":"https:\/\/api.w.org\/{rel}","templated":true}]}}