{"id":3295,"date":"2024-09-02T23:37:53","date_gmt":"2024-09-02T23:37:53","guid":{"rendered":"https:\/\/schleyer-test-equipment.de\/contacta-con-nosotros\/"},"modified":"2024-10-21T15:02:12","modified_gmt":"2024-10-21T15:02:12","slug":"contacta-con-nosotros","status":"publish","type":"page","link":"https:\/\/schleyer-test-equipment.de\/es\/contacta-con-nosotros\/","title":{"rendered":"Contacta con nosotros"},"content":{"rendered":"\t\t<div data-elementor-type=\"wp-page\" data-elementor-id=\"3295\" class=\"elementor elementor-3295 elementor-2699\" data-elementor-post-type=\"page\">\n\t\t\t\t<div class=\"elementor-element elementor-element-6a4e4f9d e-con-full e-flex e-con e-parent\" data-id=\"6a4e4f9d\" data-element_type=\"container\" data-settings=\"{&quot;background_background&quot;:&quot;gradient&quot;}\">\n\t\t<div class=\"elementor-element elementor-element-425011ee e-con-full content-wrapper e-flex e-con e-child\" data-id=\"425011ee\" data-element_type=\"container\" data-settings=\"{&quot;background_background&quot;:&quot;gradient&quot;}\">\n\t\t<div class=\"elementor-element elementor-element-13095337 e-con-full e-flex e-con e-child\" data-id=\"13095337\" data-element_type=\"container\" data-settings=\"{&quot;background_background&quot;:&quot;classic&quot;}\">\n\t\t<div class=\"elementor-element elementor-element-4a735abc e-con-full e-flex e-con e-child\" data-id=\"4a735abc\" data-element_type=\"container\" data-settings=\"{&quot;background_background&quot;:&quot;classic&quot;}\">\n\t\t<div class=\"elementor-element elementor-element-64f7f417 e-con-full e-flex e-con e-child\" data-id=\"64f7f417\" data-element_type=\"container\" data-settings=\"{&quot;background_background&quot;:&quot;classic&quot;}\">\n\t\t\t\t<div class=\"elementor-element elementor-element-73ab0fc6 elementor-widget elementor-widget-heading\" data-id=\"73ab0fc6\" data-element_type=\"widget\" data-widget_type=\"heading.default\">\n\t\t\t\t<div class=\"elementor-widget-container\">\n\t\t\t\t\t<h2 class=\"elementor-heading-title elementor-size-default\">CONTACTO<\/h2>\t\t\t\t<\/div>\n\t\t\t\t<\/div>\n\t\t\t\t<div class=\"elementor-element elementor-element-1405b0a1 elementor-widget elementor-widget-text-editor\" data-id=\"1405b0a1\" data-element_type=\"widget\" data-widget_type=\"text-editor.default\">\n\t\t\t\t<div class=\"elementor-widget-container\">\n\t\t\t\t\t\t\t\t\t<p>\u00bfTienes alguna <b>pregunta <\/b>o quieres ponerte en <b>contacto <\/b>con nosotros? \u00a1Estaremos encantados de ayudarte! <\/p>\n\t\t\t\t\t\t\t\t<\/div>\n\t\t\t\t<\/div>\n\t\t\t\t<\/div>\n\t\t<div class=\"elementor-element elementor-element-4b686ce e-con-full e-flex e-con e-child\" data-id=\"4b686ce\" data-element_type=\"container\" data-settings=\"{&quot;background_background&quot;:&quot;classic&quot;}\">\n\t\t\t\t<div class=\"elementor-element elementor-element-faba197 elementor-button-align-stretch elementor-widget elementor-widget-global elementor-global-3262 elementor-global-2833 elementor-widget-form\" data-id=\"faba197\" data-element_type=\"widget\" data-settings=\"{&quot;step_next_label&quot;:&quot;Siguiente&quot;,&quot;step_previous_label&quot;:&quot;Anterior&quot;,&quot;button_width&quot;:&quot;25&quot;,&quot;step_type&quot;:&quot;none&quot;,&quot;step_icon_shape&quot;:&quot;circle&quot;}\" data-widget_type=\"form.default\">\n\t\t\t\t<div class=\"elementor-widget-container\">\n\t\t\t\t\t\t\t<form class=\"elementor-form\" method=\"post\" name=\"Formulario de contacto\">\n\t\t\t<input type=\"hidden\" name=\"post_id\" value=\"3295\"\/>\n\t\t\t<input type=\"hidden\" name=\"form_id\" value=\"faba197\"\/>\n\t\t\t<input type=\"hidden\" name=\"referer_title\" value=\"\" \/>\n\n\t\t\t\n\t\t\t<div class=\"elementor-form-fields-wrapper elementor-labels-above\">\n\t\t\t\t\t\t\t\t<div class=\"elementor-field-type-checkbox elementor-field-group elementor-column elementor-field-group-field_8acbe66 elementor-col-100\">\n\t\t\t\t\t\t\t\t\t\t\t\t<label for=\"form-field-field_8acbe66\" class=\"elementor-field-label\">\n\t\t\t\t\t\t\t\tSaludo\t\t\t\t\t\t\t<\/label>\n\t\t\t\t\t\t<div class=\"elementor-field-subgroup  elementor-subgroup-inline\"><span class=\"elementor-field-option\"><input type=\"checkbox\" value=\"Sr.\" id=\"form-field-field_8acbe66-0\" name=\"form_fields[field_8acbe66][]\"> <label for=\"form-field-field_8acbe66-0\">Sr.<\/label><\/span><span class=\"elementor-field-option\"><input type=\"checkbox\" value=\"Sra.\" id=\"form-field-field_8acbe66-1\" name=\"form_fields[field_8acbe66][]\"> <label for=\"form-field-field_8acbe66-1\">Sra.<\/label><\/span><span class=\"elementor-field-option\"><input type=\"checkbox\" value=\"Varios\" id=\"form-field-field_8acbe66-2\" name=\"form_fields[field_8acbe66][]\"> <label for=\"form-field-field_8acbe66-2\">Varios<\/label><\/span><\/div>\t\t\t\t<\/div>\n\t\t\t\t\t\t\t\t<div class=\"elementor-field-type-text elementor-field-group elementor-column elementor-field-group-name elementor-col-50 elementor-field-required elementor-mark-required\">\n\t\t\t\t\t\t\t\t\t\t\t\t<label for=\"form-field-name\" class=\"elementor-field-label\">\n\t\t\t\t\t\t\t\tNombre\t\t\t\t\t\t\t<\/label>\n\t\t\t\t\t\t\t\t\t\t\t\t\t\t<input size=\"1\" type=\"text\" name=\"form_fields[name]\" id=\"form-field-name\" class=\"elementor-field elementor-size-sm  elementor-field-textual\" placeholder=\"Introduce el nombre\" required=\"required\" aria-required=\"true\">\n\t\t\t\t\t\t\t\t\t\t\t<\/div>\n\t\t\t\t\t\t\t\t<div class=\"elementor-field-type-text elementor-field-group elementor-column elementor-field-group-field_12c8374 elementor-col-50 elementor-field-required elementor-mark-required\">\n\t\t\t\t\t\t\t\t\t\t\t\t<label for=\"form-field-field_12c8374\" class=\"elementor-field-label\">\n\t\t\t\t\t\t\t\tEmpresa\t\t\t\t\t\t\t<\/label>\n\t\t\t\t\t\t\t\t\t\t\t\t\t\t<input size=\"1\" type=\"text\" name=\"form_fields[field_12c8374]\" id=\"form-field-field_12c8374\" class=\"elementor-field elementor-size-sm  elementor-field-textual\" placeholder=\"Introducir empresa\" required=\"required\" aria-required=\"true\">\n\t\t\t\t\t\t\t\t\t\t\t<\/div>\n\t\t\t\t\t\t\t\t<div class=\"elementor-field-type-email elementor-field-group elementor-column elementor-field-group-email elementor-col-50 elementor-field-required elementor-mark-required\">\n\t\t\t\t\t\t\t\t\t\t\t\t<label for=\"form-field-email\" class=\"elementor-field-label\">\n\t\t\t\t\t\t\t\tcorreo electr\u00f3nico\t\t\t\t\t\t\t<\/label>\n\t\t\t\t\t\t\t\t\t\t\t\t\t\t<input size=\"1\" type=\"email\" name=\"form_fields[email]\" id=\"form-field-email\" class=\"elementor-field elementor-size-sm  elementor-field-textual\" placeholder=\"Introduce la direcci\u00f3n de correo electr\u00f3nico\" required=\"required\" aria-required=\"true\">\n\t\t\t\t\t\t\t\t\t\t\t<\/div>\n\t\t\t\t\t\t\t\t<div class=\"elementor-field-type-tel elementor-field-group elementor-column elementor-field-group-field_dd9a489 elementor-col-50 elementor-field-required elementor-mark-required\">\n\t\t\t\t\t\t\t\t\t\t\t\t<label for=\"form-field-field_dd9a489\" class=\"elementor-field-label\">\n\t\t\t\t\t\t\t\tN\u00famero de tel\u00e9fono\t\t\t\t\t\t\t<\/label>\n\t\t\t\t\t\t\t\t<input size=\"1\" type=\"tel\" name=\"form_fields[field_dd9a489]\" id=\"form-field-field_dd9a489\" class=\"elementor-field elementor-size-sm  elementor-field-textual\" placeholder=\"Introduce el n\u00famero de tel\u00e9fono\" required=\"required\" aria-required=\"true\" pattern=\"[0-9()#&amp;+*-=.]+\" title=\"Solo se aceptan n\u00fameros y caracteres de tel\u00e9fono (#,-,*,etc).\">\n\n\t\t\t\t\t\t<\/div>\n\t\t\t\t\t\t\t\t<div class=\"elementor-field-type-text elementor-field-group elementor-column elementor-field-group-field_7abd90e elementor-col-50 elementor-field-required elementor-mark-required\">\n\t\t\t\t\t\t\t\t\t\t\t\t<label for=\"form-field-field_7abd90e\" class=\"elementor-field-label\">\n\t\t\t\t\t\t\t\tCalle y n\u00famero de casa\t\t\t\t\t\t\t<\/label>\n\t\t\t\t\t\t\t\t\t\t\t\t\t\t<input size=\"1\" type=\"text\" name=\"form_fields[field_7abd90e]\" id=\"form-field-field_7abd90e\" class=\"elementor-field elementor-size-sm  elementor-field-textual\" placeholder=\"Introduce la calle y el n\u00famero de la casa\" required=\"required\" aria-required=\"true\">\n\t\t\t\t\t\t\t\t\t\t\t<\/div>\n\t\t\t\t\t\t\t\t<div class=\"elementor-field-type-tel elementor-field-group elementor-column elementor-field-group-field_d2c0223 elementor-col-25 elementor-field-required elementor-mark-required\">\n\t\t\t\t\t\t\t\t\t\t\t\t<label for=\"form-field-field_d2c0223\" class=\"elementor-field-label\">\n\t\t\t\t\t\t\t\tC\u00f3digo postal\t\t\t\t\t\t\t<\/label>\n\t\t\t\t\t\t\t\t<input size=\"1\" type=\"tel\" name=\"form_fields[field_d2c0223]\" id=\"form-field-field_d2c0223\" class=\"elementor-field elementor-size-sm  elementor-field-textual\" placeholder=\"Introduce el c\u00f3digo postal\" required=\"required\" aria-required=\"true\" pattern=\"[0-9()#&amp;+*-=.]+\" title=\"Solo se aceptan n\u00fameros y caracteres de tel\u00e9fono (#,-,*,etc).\">\n\n\t\t\t\t\t\t<\/div>\n\t\t\t\t\t\t\t\t<div class=\"elementor-field-type-text elementor-field-group elementor-column elementor-field-group-field_3b58251 elementor-col-25 elementor-field-required elementor-mark-required\">\n\t\t\t\t\t\t\t\t\t\t\t\t<label for=\"form-field-field_3b58251\" class=\"elementor-field-label\">\n\t\t\t\t\t\t\t\tLugar\t\t\t\t\t\t\t<\/label>\n\t\t\t\t\t\t\t\t\t\t\t\t\t\t<input size=\"1\" type=\"text\" name=\"form_fields[field_3b58251]\" id=\"form-field-field_3b58251\" class=\"elementor-field elementor-size-sm  elementor-field-textual\" placeholder=\"Introducir ubicaci\u00f3n\" required=\"required\" aria-required=\"true\">\n\t\t\t\t\t\t\t\t\t\t\t<\/div>\n\t\t\t\t\t\t\t\t<div class=\"elementor-field-type-text elementor-field-group elementor-column elementor-field-group-field_d3a5d03 elementor-col-100 elementor-field-required elementor-mark-required\">\n\t\t\t\t\t\t\t\t\t\t\t\t<label for=\"form-field-field_d3a5d03\" class=\"elementor-field-label\">\n\t\t\t\t\t\t\t\tPa\u00eds\t\t\t\t\t\t\t<\/label>\n\t\t\t\t\t\t\t\t\t\t\t\t\t\t<input size=\"1\" type=\"text\" name=\"form_fields[field_d3a5d03]\" id=\"form-field-field_d3a5d03\" class=\"elementor-field elementor-size-sm  elementor-field-textual\" placeholder=\"Introduce el pa\u00eds\" required=\"required\" aria-required=\"true\">\n\t\t\t\t\t\t\t\t\t\t\t<\/div>\n\t\t\t\t\t\t\t\t<div class=\"elementor-field-type-textarea elementor-field-group elementor-column elementor-field-group-message elementor-col-100\">\n\t\t\t\t\t\t\t\t\t\t\t\t<label for=\"form-field-message\" class=\"elementor-field-label\">\n\t\t\t\t\t\t\t\tMensaje\t\t\t\t\t\t\t<\/label>\n\t\t\t\t\t\t<textarea class=\"elementor-field-textual elementor-field  elementor-size-sm\" name=\"form_fields[message]\" id=\"form-field-message\" rows=\"4\" placeholder=\"Introducir mensaje\"><\/textarea>\t\t\t\t<\/div>\n\t\t\t\t\t\t\t\t<div class=\"elementor-field-type-checkbox elementor-field-group elementor-column elementor-field-group-field_27c5d85 elementor-col-100\">\n\t\t\t\t\t\t\t\t\t\t\t\t<label for=\"form-field-field_27c5d85\" class=\"elementor-field-label\">\n\t\t\t\t\t\t\t\tSaludo\t\t\t\t\t\t\t<\/label>\n\t\t\t\t\t\t<div class=\"elementor-field-subgroup  \"><span class=\"elementor-field-option\"><input type=\"checkbox\" value=\"He le\u00eddo y comprendido la pol\u00edtica de privacidad. Acepto que mis datos se recopilen y almacenen electr\u00f3nicamente para responder a mi consulta.\" id=\"form-field-field_27c5d85-0\" name=\"form_fields[field_27c5d85][]\"> <label for=\"form-field-field_27c5d85-0\">He le\u00eddo y comprendido la pol\u00edtica de privacidad. Acepto que mis datos se recopilen y almacenen electr\u00f3nicamente para responder a mi consulta.<\/label><\/span><span class=\"elementor-field-option\"><input type=\"checkbox\" value=\"Nota: Puedes revocar tu consentimiento en cualquier momento para el futuro enviando un correo electr\u00f3nico a Acepto el uso de servicios funcionales. Puedes encontrar m\u00e1s informaci\u00f3n sobre los servicios funcionales en schleyer-test-equipment.de\/datenschutz.   \" id=\"form-field-field_27c5d85-1\" name=\"form_fields[field_27c5d85][]\"> <label for=\"form-field-field_27c5d85-1\">Nota: Puedes revocar tu consentimiento en cualquier momento para el futuro enviando un correo electr\u00f3nico a Acepto el uso de servicios funcionales. Puedes encontrar m\u00e1s informaci\u00f3n sobre los servicios funcionales en schleyer-test-equipment.de\/datenschutz.   <\/label><\/span><\/div>\t\t\t\t<\/div>\n\t\t\t\t\t\t\t\t<div class=\"elementor-field-group elementor-column elementor-field-type-submit elementor-col-25 e-form__buttons\">\n\t\t\t\t\t<button class=\"elementor-button elementor-size-sm\" type=\"submit\">\n\t\t\t\t\t\t<span class=\"elementor-button-content-wrapper\">\n\t\t\t\t\t\t\t\t\t\t\t\t\t\t\t\t\t\t\t\t\t\t<span class=\"elementor-button-text\">Env\u00eda<\/span>\n\t\t\t\t\t\t\t\t\t\t\t\t\t<\/span>\n\t\t\t\t\t<\/button>\n\t\t\t\t<\/div>\n\t\t\t<\/div>\n\t\t<\/form>\n\t\t\t\t\t\t<\/div>\n\t\t\t\t<\/div>\n\t\t\t\t<\/div>\n\t\t\t\t<\/div>\n\t\t\t\t<\/div>\n\t\t\t\t<div class=\"elementor-element elementor-element-26513096 elementor-widget elementor-widget-html\" data-id=\"26513096\" data-element_type=\"widget\" data-widget_type=\"html.default\">\n\t\t\t\t<div class=\"elementor-widget-container\">\n\t\t\t\t\t<style>\r\n.description-container {\r\n    overflow: hidden;\r\n}\r\n\r\n.description {\r\n    transition: opacity 0.5s ease, max-height 0.5s ease, margin-top 0.5s ease;\r\n}\r\n\r\n.hidden {\r\n    max-height: 0;\r\n    opacity: 0;\r\n    visibility: hidden;\r\n    margin-top: 0; \/* Ensure no space when hidden *\/\r\n}\r\n\r\n.visible {\r\n    max-height: 600px; \/* Adjust as necessary *\/\r\n    opacity: 1;\r\n    visibility: visible;\r\n}\r\n@media(max-width: 660px){\r\n    .visible {\r\n        max-height: auto;\r\n    }\r\n}\r\n\r\n\r\n<\/style>\r\n<script>\r\n document.addEventListener(\"DOMContentLoaded\", function() {\r\n    const sections = ['section1','section2', 'section3','section4']; \/\/ Add all your section IDs here\r\n\r\n    sections.forEach(sectionId => {\r\n        const button = document.getElementById(`button-${sectionId}`);\r\n        button.addEventListener('click', function(event) {\r\n            event.preventDefault(); \/\/ Prevent page reload\r\n            toggleDescription(sectionId);\r\n        });\r\n    });\r\n});\r\n\r\nfunction toggleDescription(sectionId) {\r\n    const container = document.getElementById(sectionId);\r\n    const smallDescription = container.querySelector('.small-description');\r\n    const longDescription = container.querySelector('.long-description');\r\n    const buttonText = container.querySelector('.toggle-button .elementor-button-text');\r\n\r\n    if (smallDescription.classList.contains('hidden')) {\r\n        smallDescription.classList.remove('hidden');\r\n        smallDescription.classList.add('visible');\r\n        longDescription.classList.remove('visible');\r\n        longDescription.classList.add('hidden');\r\n        buttonText.textContent = 'MEHR ERFAHREN'; \/\/ Reset to original text\r\n    } else {\r\n        smallDescription.classList.remove('visible');\r\n        smallDescription.classList.add('hidden');\r\n        longDescription.classList.remove('hidden');\r\n        longDescription.classList.add('visible');\r\n        buttonText.textContent = 'WENIGER ANZEIGEN'; \/\/ Change to \"Show Less\" equivalent\r\n    }\r\n}\r\n\r\n\r\n<\/script>\t\t\t\t<\/div>\n\t\t\t\t<\/div>\n\t\t\t\t<\/div>\n\t\t\t\t<\/div>\n\t\t\t\t<\/div>\n\t\t","protected":false},"excerpt":{"rendered":"<p>CONTACTO \u00bfTienes alguna pregunta o quieres ponerte en contacto con nosotros? \u00a1Estaremos encantados de ayudarte!<\/p>\n","protected":false},"author":1,"featured_media":0,"parent":0,"menu_order":0,"comment_status":"closed","ping_status":"closed","template":"elementor_header_footer","meta":{"footnotes":""},"class_list":["post-3295","page","type-page","status-publish","hentry"],"_links":{"self":[{"href":"https:\/\/schleyer-test-equipment.de\/es\/wp-json\/wp\/v2\/pages\/3295","targetHints":{"allow":["GET"]}}],"collection":[{"href":"https:\/\/schleyer-test-equipment.de\/es\/wp-json\/wp\/v2\/pages"}],"about":[{"href":"https:\/\/schleyer-test-equipment.de\/es\/wp-json\/wp\/v2\/types\/page"}],"author":[{"embeddable":true,"href":"https:\/\/schleyer-test-equipment.de\/es\/wp-json\/wp\/v2\/users\/1"}],"replies":[{"embeddable":true,"href":"https:\/\/schleyer-test-equipment.de\/es\/wp-json\/wp\/v2\/comments?post=3295"}],"version-history":[{"count":0,"href":"https:\/\/schleyer-test-equipment.de\/es\/wp-json\/wp\/v2\/pages\/3295\/revisions"}],"wp:attachment":[{"href":"https:\/\/schleyer-test-equipment.de\/es\/wp-json\/wp\/v2\/media?parent=3295"}],"curies":[{"name":"wp","href":"https:\/\/api.w.org\/{rel}","templated":true}]}}