{"id":3289,"date":"2024-08-21T16:27:02","date_gmt":"2024-08-21T16:27:02","guid":{"rendered":"https:\/\/schleyer-test-equipment.de\/empresa\/"},"modified":"2024-10-23T08:38:47","modified_gmt":"2024-10-23T08:38:47","slug":"empresa","status":"publish","type":"page","link":"https:\/\/schleyer-test-equipment.de\/es\/empresa\/","title":{"rendered":"Empresa"},"content":{"rendered":"\t\t<div data-elementor-type=\"wp-page\" data-elementor-id=\"3289\" class=\"elementor elementor-3289 elementor-909\" data-elementor-post-type=\"page\">\n\t\t\t\t<div class=\"elementor-element elementor-element-3e7247b e-con-full main-container e-flex e-con e-parent\" data-id=\"3e7247b\" data-element_type=\"container\" data-settings=\"{&quot;background_background&quot;:&quot;gradient&quot;}\">\n\t\t<div class=\"elementor-element elementor-element-d33251d e-con-full content-wrapper e-flex e-con e-child\" data-id=\"d33251d\" data-element_type=\"container\" data-settings=\"{&quot;background_background&quot;:&quot;gradient&quot;}\">\n\t\t<div class=\"elementor-element elementor-element-7d37681 e-con-full e-flex elementor-invisible e-con e-child\" data-id=\"7d37681\" data-element_type=\"container\" data-settings=\"{&quot;background_background&quot;:&quot;classic&quot;,&quot;animation_delay&quot;:1000,&quot;animation&quot;:&quot;fadeInLeft&quot;}\">\n\t\t<div class=\"elementor-element elementor-element-896851b e-con-full e-flex e-con e-child\" data-id=\"896851b\" data-element_type=\"container\">\n\t\t\t\t<div class=\"elementor-element elementor-element-0adf6df elementor-widget elementor-widget-heading\" data-id=\"0adf6df\" data-element_type=\"widget\" data-widget_type=\"heading.default\">\n\t\t\t\t<div class=\"elementor-widget-container\">\n\t\t\t\t\t<h2 class=\"elementor-heading-title elementor-size-default\">TU SOCIO PARA SINCR\u00d3METROS Y COMPROBADORES DE FUGAS DE CO\u00b2 PRECISOS<\/h2>\t\t\t\t<\/div>\n\t\t\t\t<\/div>\n\t\t\t\t<div class=\"elementor-element elementor-element-edd31ec elementor-hidden-mobile elementor-widget elementor-widget-button\" data-id=\"edd31ec\" data-element_type=\"widget\" data-widget_type=\"button.default\">\n\t\t\t\t<div class=\"elementor-widget-container\">\n\t\t\t\t\t\t\t\t\t<div class=\"elementor-button-wrapper\">\n\t\t\t\t\t<a class=\"elementor-button elementor-button-link elementor-size-sm\" href=\"#about\">\n\t\t\t\t\t\t<span class=\"elementor-button-content-wrapper\">\n\t\t\t\t\t\t<span class=\"elementor-button-icon\">\n\t\t\t\t<svg aria-hidden=\"true\" class=\"e-font-icon-svg e-far-arrow-alt-circle-down\" viewBox=\"0 0 512 512\" xmlns=\"http:\/\/www.w3.org\/2000\/svg\"><path d=\"M256 8C119 8 8 119 8 256s111 248 248 248 248-111 248-248S393 8 256 8zm0 448c-110.5 0-200-89.5-200-200S145.5 56 256 56s200 89.5 200 200-89.5 200-200 200zm-32-316v116h-67c-10.7 0-16 12.9-8.5 20.5l99 99c4.7 4.7 12.3 4.7 17 0l99-99c7.6-7.6 2.2-20.5-8.5-20.5h-67V140c0-6.6-5.4-12-12-12h-40c-6.6 0-12 5.4-12 12z\"><\/path><\/svg>\t\t\t<\/span>\n\t\t\t\t\t\t\t\t<\/span>\n\t\t\t\t\t<\/a>\n\t\t\t\t<\/div>\n\t\t\t\t\t\t\t\t<\/div>\n\t\t\t\t<\/div>\n\t\t\t\t<\/div>\n\t\t\t\t<\/div>\n\t\t<div class=\"elementor-element elementor-element-5d4298b e-con-full e-flex elementor-invisible e-con e-child\" data-id=\"5d4298b\" data-element_type=\"container\" id=\"about\" data-settings=\"{&quot;animation_delay&quot;:2000,&quot;animation&quot;:&quot;fadeInDown&quot;}\">\n\t\t<div class=\"elementor-element elementor-element-e7e3bcb e-con-full e-flex e-con e-child\" data-id=\"e7e3bcb\" data-element_type=\"container\" data-settings=\"{&quot;background_background&quot;:&quot;classic&quot;}\">\n\t\t\t\t<div class=\"elementor-element elementor-element-6ab75d6 elementor-widget elementor-widget-text-editor\" data-id=\"6ab75d6\" data-element_type=\"widget\" data-widget_type=\"text-editor.default\">\n\t\t\t\t<div class=\"elementor-widget-container\">\n\t\t\t\t\t\t\t\t\t<p>Schleyer Test Equipment es tu socio competente en comprobadores de fugas de CO\u00b2 y sincr\u00f3metros. Nuestra gama de dispositivos especializados ayuda a las empresas a optimizar sus procesos y garantizar los m\u00e1s altos est\u00e1ndares de calidad. Con d\u00e9cadas de experiencia en el desarrollo y la fabricaci\u00f3n de equipos de prueba, ofrecemos pruebas optimizadas y r\u00e1pidas.<\/p>\t\t\t\t\t\t\t\t<\/div>\n\t\t\t\t<\/div>\n\t\t\t\t<\/div>\n\t\t\t\t<\/div>\n\t\t<div class=\"elementor-element elementor-element-be40f4e e-con-full e-flex e-con e-child\" data-id=\"be40f4e\" data-element_type=\"container\" data-settings=\"{&quot;background_background&quot;:&quot;classic&quot;}\">\n\t\t<div class=\"elementor-element elementor-element-d849fc4 e-con-full e-flex e-con e-child\" data-id=\"d849fc4\" data-element_type=\"container\" data-settings=\"{&quot;background_background&quot;:&quot;classic&quot;}\">\n\t\t<a class=\"elementor-element elementor-element-9310865 e-con-full e-flex elementor-invisible e-con e-child\" data-id=\"9310865\" data-element_type=\"container\" data-settings=\"{&quot;background_background&quot;:&quot;classic&quot;,&quot;animation&quot;:&quot;fadeIn&quot;,&quot;animation_delay&quot;:100}\">\n\t\t\t\t<div class=\"elementor-element elementor-element-d87772c elementor-widget elementor-widget-image\" data-id=\"d87772c\" data-element_type=\"widget\" data-widget_type=\"image.default\">\n\t\t\t\t<div class=\"elementor-widget-container\">\n\t\t\t\t\t\t\t\t\t\t\t\t\t\t\t<img fetchpriority=\"high\" decoding=\"async\" width=\"708\" height=\"770\" src=\"https:\/\/schleyer-test-equipment.de\/wp-content\/uploads\/2024\/08\/Koffer_Offen_web-e1724397461716.webp\" class=\"attachment-full size-full wp-image-3141\" alt=\"Malet\u00edn de herramientas abierto con equipos de prueba y fluidos para el diagn\u00f3stico de veh\u00edculos.\" srcset=\"https:\/\/schleyer-test-equipment.de\/wp-content\/uploads\/2024\/08\/Koffer_Offen_web-e1724397461716.webp 708w, https:\/\/schleyer-test-equipment.de\/wp-content\/uploads\/2024\/08\/Koffer_Offen_web-e1724397461716-276x300.webp 276w\" sizes=\"(max-width: 708px) 100vw, 708px\" \/>\t\t\t\t\t\t\t\t\t\t\t\t\t\t\t<\/div>\n\t\t\t\t<\/div>\n\t\t\t\t<div class=\"elementor-element elementor-element-f8f3019 elementor-widget elementor-widget-heading\" data-id=\"f8f3019\" data-element_type=\"widget\" data-widget_type=\"heading.default\">\n\t\t\t\t<div class=\"elementor-widget-container\">\n\t\t\t\t\t<h3 class=\"elementor-heading-title elementor-size-default\">MALETIN<\/h3>\t\t\t\t<\/div>\n\t\t\t\t<\/div>\n\t\t\t\t<div class=\"elementor-element elementor-element-9342732 elementor-widget elementor-widget-text-editor\" data-id=\"9342732\" data-element_type=\"widget\" data-widget_type=\"text-editor.default\">\n\t\t\t\t<div class=\"elementor-widget-container\">\n\t\t\t\t\t\t\t\t\t<p>Este malet\u00edn compacto contiene todos los utensilios necesarios para realizar pruebas con el comprobador de fugas de CO\u00b2. El propio comprobador, el l\u00edquido de prueba y el l\u00edquido de lavado. Las instrucciones detalladas en tres idiomas te gu\u00edan perfectamente para realizar una prueba segura.<\/p>\t\t\t\t\t\t\t\t<\/div>\n\t\t\t\t<\/div>\n\t\t\t\t<\/a>\n\t\t<a class=\"elementor-element elementor-element-855b590 e-con-full e-flex elementor-invisible e-con e-child\" data-id=\"855b590\" data-element_type=\"container\" data-settings=\"{&quot;background_background&quot;:&quot;classic&quot;,&quot;animation&quot;:&quot;fadeIn&quot;,&quot;animation_delay&quot;:200}\">\n\t\t\t\t<div class=\"elementor-element elementor-element-491acfa elementor-widget elementor-widget-image\" data-id=\"491acfa\" data-element_type=\"widget\" data-widget_type=\"image.default\">\n\t\t\t\t<div class=\"elementor-widget-container\">\n\t\t\t\t\t\t\t\t\t\t\t\t\t\t\t<img decoding=\"async\" width=\"1827\" height=\"1410\" src=\"https:\/\/schleyer-test-equipment.de\/wp-content\/uploads\/2024\/10\/sk-bk-e1728225719507.webp\" class=\"attachment-full size-full wp-image-3249\" alt=\"\" \/>\t\t\t\t\t\t\t\t\t\t\t\t\t\t\t<\/div>\n\t\t\t\t<\/div>\n\t\t\t\t<div class=\"elementor-element elementor-element-bccd42a elementor-widget elementor-widget-heading\" data-id=\"bccd42a\" data-element_type=\"widget\" data-widget_type=\"heading.default\">\n\t\t\t\t<div class=\"elementor-widget-container\">\n\t\t\t\t\t<h3 class=\"elementor-heading-title elementor-size-default\">SK \/ BK<\/h3>\t\t\t\t<\/div>\n\t\t\t\t<\/div>\n\t\t\t\t<div class=\"elementor-element elementor-element-9d6f110 elementor-widget elementor-widget-text-editor\" data-id=\"9d6f110\" data-element_type=\"widget\" data-widget_type=\"text-editor.default\">\n\t\t\t\t<div class=\"elementor-widget-container\">\n\t\t\t\t\t\t\t\t\t<p>SK\/BK &#8211; Estos sicr\u00f3metros se pueden comprar por separado o como pareja para conseguir una sincronizaci\u00f3n perfecta del carburador. Ofrecemos diferentes adaptadores para que los comprobadores se puedan utilizar perfectamente en muchos carburadores.<\/p>\n\t\t\t\t\t\t\t\t<\/div>\n\t\t\t\t<\/div>\n\t\t\t\t<\/a>\n\t\t\t\t<\/div>\n\t\t\t\t<\/div>\n\t\t<div class=\"elementor-element elementor-element-b288e35 e-con-full e-flex elementor-invisible e-con e-child\" data-id=\"b288e35\" data-element_type=\"container\" data-settings=\"{&quot;background_background&quot;:&quot;classic&quot;,&quot;animation_delay&quot;:300,&quot;animation&quot;:&quot;fadeInLeft&quot;}\">\n\t\t<div class=\"elementor-element elementor-element-94e63d7 e-con-full e-flex e-con e-child\" data-id=\"94e63d7\" data-element_type=\"container\">\n\t\t\t\t<div class=\"elementor-element elementor-element-03f423b elementor-widget elementor-widget-heading\" data-id=\"03f423b\" data-element_type=\"widget\" data-widget_type=\"heading.default\">\n\t\t\t\t<div class=\"elementor-widget-container\">\n\t\t\t\t\t<span class=\"elementor-heading-title elementor-size-default\">CONVI\u00c9RTETE EN NUESTRO SOCIO<\/span>\t\t\t\t<\/div>\n\t\t\t\t<\/div>\n\t\t\t\t<div class=\"elementor-element elementor-element-4283929 elementor-widget elementor-widget-heading\" data-id=\"4283929\" data-element_type=\"widget\" data-widget_type=\"heading.default\">\n\t\t\t\t<div class=\"elementor-widget-container\">\n\t\t\t\t\t<h2 class=\"elementor-heading-title elementor-size-default\">PARA DISPOSITIVOS DE PRUEBA PRECISOS<\/h2>\t\t\t\t<\/div>\n\t\t\t\t<\/div>\n\t\t\t\t<div class=\"elementor-element elementor-element-b34c6e7 elementor-widget__width-initial elementor-widget elementor-widget-text-editor\" data-id=\"b34c6e7\" data-element_type=\"widget\" data-widget_type=\"text-editor.default\">\n\t\t\t\t<div class=\"elementor-widget-container\">\n\t\t\t\t\t\t\t\t\t<p>Benef\u00edciate de una s\u00f3lida asociaci\u00f3n con Schleyer Test Equipment.  <\/p>\n\t\t\t\t\t\t\t\t<\/div>\n\t\t\t\t<\/div>\n\t\t\t\t<\/div>\n\t\t\t\t<\/div>\n\t\t<div class=\"elementor-element elementor-element-3d4ea6b e-con-full e-flex elementor-invisible e-con e-child\" data-id=\"3d4ea6b\" data-element_type=\"container\" id=\"kontakt\" data-settings=\"{&quot;background_background&quot;:&quot;classic&quot;,&quot;animation_delay&quot;:400,&quot;animation&quot;:&quot;bounce&quot;}\">\n\t\t<div class=\"elementor-element elementor-element-9735834 e-con-full e-flex e-con e-child\" data-id=\"9735834\" data-element_type=\"container\" data-settings=\"{&quot;background_background&quot;:&quot;classic&quot;}\">\n\t\t\t\t<div class=\"elementor-element elementor-element-82adbd1 elementor-widget elementor-widget-heading\" data-id=\"82adbd1\" data-element_type=\"widget\" data-widget_type=\"heading.default\">\n\t\t\t\t<div class=\"elementor-widget-container\">\n\t\t\t\t\t<h2 class=\"elementor-heading-title elementor-size-default\">CONTACTO<\/h2>\t\t\t\t<\/div>\n\t\t\t\t<\/div>\n\t\t\t\t<div class=\"elementor-element elementor-element-3bcb252 elementor-widget elementor-widget-text-editor\" data-id=\"3bcb252\" data-element_type=\"widget\" data-widget_type=\"text-editor.default\">\n\t\t\t\t<div class=\"elementor-widget-container\">\n\t\t\t\t\t\t\t\t\t<p>\u00bfTienes alguna <b>pregunta <\/b>o quieres ponerte en <b>contacto <\/b>con nosotros? <br \/>\u00a1Estaremos encantados de ayudarte!<\/p>\n\t\t\t\t\t\t\t\t<\/div>\n\t\t\t\t<\/div>\n\t\t\t\t<\/div>\n\t\t<div class=\"elementor-element elementor-element-f2396b2 e-con-full e-flex e-con e-child\" data-id=\"f2396b2\" data-element_type=\"container\" data-settings=\"{&quot;background_background&quot;:&quot;classic&quot;}\">\n\t\t\t\t<div class=\"elementor-element elementor-element-79e3c45 elementor-button-align-stretch elementor-widget elementor-widget-global elementor-global-3262 elementor-global-2833 elementor-widget-form\" data-id=\"79e3c45\" data-element_type=\"widget\" data-settings=\"{&quot;step_next_label&quot;:&quot;Siguiente&quot;,&quot;step_previous_label&quot;:&quot;Anterior&quot;,&quot;button_width&quot;:&quot;25&quot;,&quot;step_type&quot;:&quot;none&quot;,&quot;step_icon_shape&quot;:&quot;circle&quot;}\" data-widget_type=\"form.default\">\n\t\t\t\t<div class=\"elementor-widget-container\">\n\t\t\t\t\t\t\t<form class=\"elementor-form\" method=\"post\" name=\"Formulario de contacto\">\n\t\t\t<input type=\"hidden\" name=\"post_id\" value=\"3289\"\/>\n\t\t\t<input type=\"hidden\" name=\"form_id\" value=\"79e3c45\"\/>\n\t\t\t<input type=\"hidden\" name=\"referer_title\" value=\"\" \/>\n\n\t\t\t\n\t\t\t<div class=\"elementor-form-fields-wrapper elementor-labels-above\">\n\t\t\t\t\t\t\t\t<div class=\"elementor-field-type-checkbox elementor-field-group elementor-column elementor-field-group-field_8acbe66 elementor-col-100\">\n\t\t\t\t\t\t\t\t\t\t\t\t<label for=\"form-field-field_8acbe66\" class=\"elementor-field-label\">\n\t\t\t\t\t\t\t\tSaludo\t\t\t\t\t\t\t<\/label>\n\t\t\t\t\t\t<div class=\"elementor-field-subgroup  elementor-subgroup-inline\"><span class=\"elementor-field-option\"><input type=\"checkbox\" value=\"Sr.\" id=\"form-field-field_8acbe66-0\" name=\"form_fields[field_8acbe66][]\"> <label for=\"form-field-field_8acbe66-0\">Sr.<\/label><\/span><span class=\"elementor-field-option\"><input type=\"checkbox\" value=\"Sra.\" id=\"form-field-field_8acbe66-1\" name=\"form_fields[field_8acbe66][]\"> <label for=\"form-field-field_8acbe66-1\">Sra.<\/label><\/span><span class=\"elementor-field-option\"><input type=\"checkbox\" value=\"Varios\" id=\"form-field-field_8acbe66-2\" name=\"form_fields[field_8acbe66][]\"> <label for=\"form-field-field_8acbe66-2\">Varios<\/label><\/span><\/div>\t\t\t\t<\/div>\n\t\t\t\t\t\t\t\t<div class=\"elementor-field-type-text elementor-field-group elementor-column elementor-field-group-name elementor-col-50 elementor-field-required elementor-mark-required\">\n\t\t\t\t\t\t\t\t\t\t\t\t<label for=\"form-field-name\" class=\"elementor-field-label\">\n\t\t\t\t\t\t\t\tNombre\t\t\t\t\t\t\t<\/label>\n\t\t\t\t\t\t\t\t\t\t\t\t\t\t<input size=\"1\" type=\"text\" name=\"form_fields[name]\" id=\"form-field-name\" class=\"elementor-field elementor-size-sm  elementor-field-textual\" placeholder=\"Introduce el nombre\" required=\"required\" aria-required=\"true\">\n\t\t\t\t\t\t\t\t\t\t\t<\/div>\n\t\t\t\t\t\t\t\t<div class=\"elementor-field-type-text elementor-field-group elementor-column elementor-field-group-field_12c8374 elementor-col-50 elementor-field-required elementor-mark-required\">\n\t\t\t\t\t\t\t\t\t\t\t\t<label for=\"form-field-field_12c8374\" class=\"elementor-field-label\">\n\t\t\t\t\t\t\t\tEmpresa\t\t\t\t\t\t\t<\/label>\n\t\t\t\t\t\t\t\t\t\t\t\t\t\t<input size=\"1\" type=\"text\" name=\"form_fields[field_12c8374]\" id=\"form-field-field_12c8374\" class=\"elementor-field elementor-size-sm  elementor-field-textual\" placeholder=\"Introducir empresa\" required=\"required\" aria-required=\"true\">\n\t\t\t\t\t\t\t\t\t\t\t<\/div>\n\t\t\t\t\t\t\t\t<div class=\"elementor-field-type-email elementor-field-group elementor-column elementor-field-group-email elementor-col-50 elementor-field-required elementor-mark-required\">\n\t\t\t\t\t\t\t\t\t\t\t\t<label for=\"form-field-email\" class=\"elementor-field-label\">\n\t\t\t\t\t\t\t\tcorreo electr\u00f3nico\t\t\t\t\t\t\t<\/label>\n\t\t\t\t\t\t\t\t\t\t\t\t\t\t<input size=\"1\" type=\"email\" name=\"form_fields[email]\" id=\"form-field-email\" class=\"elementor-field elementor-size-sm  elementor-field-textual\" placeholder=\"Introduce la direcci\u00f3n de correo electr\u00f3nico\" required=\"required\" aria-required=\"true\">\n\t\t\t\t\t\t\t\t\t\t\t<\/div>\n\t\t\t\t\t\t\t\t<div class=\"elementor-field-type-tel elementor-field-group elementor-column elementor-field-group-field_dd9a489 elementor-col-50 elementor-field-required elementor-mark-required\">\n\t\t\t\t\t\t\t\t\t\t\t\t<label for=\"form-field-field_dd9a489\" class=\"elementor-field-label\">\n\t\t\t\t\t\t\t\tN\u00famero de tel\u00e9fono\t\t\t\t\t\t\t<\/label>\n\t\t\t\t\t\t\t\t<input size=\"1\" type=\"tel\" name=\"form_fields[field_dd9a489]\" id=\"form-field-field_dd9a489\" class=\"elementor-field elementor-size-sm  elementor-field-textual\" placeholder=\"Introduce el n\u00famero de tel\u00e9fono\" required=\"required\" aria-required=\"true\" pattern=\"[0-9()#&amp;+*-=.]+\" title=\"Solo se aceptan n\u00fameros y caracteres de tel\u00e9fono (#,-,*,etc).\">\n\n\t\t\t\t\t\t<\/div>\n\t\t\t\t\t\t\t\t<div class=\"elementor-field-type-text elementor-field-group elementor-column elementor-field-group-field_7abd90e elementor-col-50 elementor-field-required elementor-mark-required\">\n\t\t\t\t\t\t\t\t\t\t\t\t<label for=\"form-field-field_7abd90e\" class=\"elementor-field-label\">\n\t\t\t\t\t\t\t\tCalle y n\u00famero de casa\t\t\t\t\t\t\t<\/label>\n\t\t\t\t\t\t\t\t\t\t\t\t\t\t<input size=\"1\" type=\"text\" name=\"form_fields[field_7abd90e]\" id=\"form-field-field_7abd90e\" class=\"elementor-field elementor-size-sm  elementor-field-textual\" placeholder=\"Introduce la calle y el n\u00famero de la casa\" required=\"required\" aria-required=\"true\">\n\t\t\t\t\t\t\t\t\t\t\t<\/div>\n\t\t\t\t\t\t\t\t<div class=\"elementor-field-type-tel elementor-field-group elementor-column elementor-field-group-field_d2c0223 elementor-col-25 elementor-field-required elementor-mark-required\">\n\t\t\t\t\t\t\t\t\t\t\t\t<label for=\"form-field-field_d2c0223\" class=\"elementor-field-label\">\n\t\t\t\t\t\t\t\tC\u00f3digo postal\t\t\t\t\t\t\t<\/label>\n\t\t\t\t\t\t\t\t<input size=\"1\" type=\"tel\" name=\"form_fields[field_d2c0223]\" id=\"form-field-field_d2c0223\" class=\"elementor-field elementor-size-sm  elementor-field-textual\" placeholder=\"Introduce el c\u00f3digo postal\" required=\"required\" aria-required=\"true\" pattern=\"[0-9()#&amp;+*-=.]+\" title=\"Solo se aceptan n\u00fameros y caracteres de tel\u00e9fono (#,-,*,etc).\">\n\n\t\t\t\t\t\t<\/div>\n\t\t\t\t\t\t\t\t<div class=\"elementor-field-type-text elementor-field-group elementor-column elementor-field-group-field_3b58251 elementor-col-25 elementor-field-required elementor-mark-required\">\n\t\t\t\t\t\t\t\t\t\t\t\t<label for=\"form-field-field_3b58251\" class=\"elementor-field-label\">\n\t\t\t\t\t\t\t\tLugar\t\t\t\t\t\t\t<\/label>\n\t\t\t\t\t\t\t\t\t\t\t\t\t\t<input size=\"1\" type=\"text\" name=\"form_fields[field_3b58251]\" id=\"form-field-field_3b58251\" class=\"elementor-field elementor-size-sm  elementor-field-textual\" placeholder=\"Introducir ubicaci\u00f3n\" required=\"required\" aria-required=\"true\">\n\t\t\t\t\t\t\t\t\t\t\t<\/div>\n\t\t\t\t\t\t\t\t<div class=\"elementor-field-type-text elementor-field-group elementor-column elementor-field-group-field_d3a5d03 elementor-col-100 elementor-field-required elementor-mark-required\">\n\t\t\t\t\t\t\t\t\t\t\t\t<label for=\"form-field-field_d3a5d03\" class=\"elementor-field-label\">\n\t\t\t\t\t\t\t\tPa\u00eds\t\t\t\t\t\t\t<\/label>\n\t\t\t\t\t\t\t\t\t\t\t\t\t\t<input size=\"1\" type=\"text\" name=\"form_fields[field_d3a5d03]\" id=\"form-field-field_d3a5d03\" class=\"elementor-field elementor-size-sm  elementor-field-textual\" placeholder=\"Introduce el pa\u00eds\" required=\"required\" aria-required=\"true\">\n\t\t\t\t\t\t\t\t\t\t\t<\/div>\n\t\t\t\t\t\t\t\t<div class=\"elementor-field-type-textarea elementor-field-group elementor-column elementor-field-group-message elementor-col-100\">\n\t\t\t\t\t\t\t\t\t\t\t\t<label for=\"form-field-message\" class=\"elementor-field-label\">\n\t\t\t\t\t\t\t\tMensaje\t\t\t\t\t\t\t<\/label>\n\t\t\t\t\t\t<textarea class=\"elementor-field-textual elementor-field  elementor-size-sm\" name=\"form_fields[message]\" id=\"form-field-message\" rows=\"4\" placeholder=\"Introducir mensaje\"><\/textarea>\t\t\t\t<\/div>\n\t\t\t\t\t\t\t\t<div class=\"elementor-field-type-checkbox elementor-field-group elementor-column elementor-field-group-field_27c5d85 elementor-col-100\">\n\t\t\t\t\t\t\t\t\t\t\t\t<label for=\"form-field-field_27c5d85\" class=\"elementor-field-label\">\n\t\t\t\t\t\t\t\tSaludo\t\t\t\t\t\t\t<\/label>\n\t\t\t\t\t\t<div class=\"elementor-field-subgroup  \"><span class=\"elementor-field-option\"><input type=\"checkbox\" value=\"He le\u00eddo y comprendido la pol\u00edtica de privacidad. Acepto que mis datos se recopilen y almacenen electr\u00f3nicamente para responder a mi consulta.\" id=\"form-field-field_27c5d85-0\" name=\"form_fields[field_27c5d85][]\"> <label for=\"form-field-field_27c5d85-0\">He le\u00eddo y comprendido la pol\u00edtica de privacidad. Acepto que mis datos se recopilen y almacenen electr\u00f3nicamente para responder a mi consulta.<\/label><\/span><span class=\"elementor-field-option\"><input type=\"checkbox\" value=\"Nota: Puedes revocar tu consentimiento en cualquier momento para el futuro enviando un correo electr\u00f3nico a Acepto el uso de servicios funcionales. Puedes encontrar m\u00e1s informaci\u00f3n sobre los servicios funcionales en schleyer-test-equipment.de\/datenschutz.   \" id=\"form-field-field_27c5d85-1\" name=\"form_fields[field_27c5d85][]\"> <label for=\"form-field-field_27c5d85-1\">Nota: Puedes revocar tu consentimiento en cualquier momento para el futuro enviando un correo electr\u00f3nico a Acepto el uso de servicios funcionales. Puedes encontrar m\u00e1s informaci\u00f3n sobre los servicios funcionales en schleyer-test-equipment.de\/datenschutz.   <\/label><\/span><\/div>\t\t\t\t<\/div>\n\t\t\t\t\t\t\t\t<div class=\"elementor-field-group elementor-column elementor-field-type-submit elementor-col-25 e-form__buttons\">\n\t\t\t\t\t<button class=\"elementor-button elementor-size-sm\" type=\"submit\">\n\t\t\t\t\t\t<span class=\"elementor-button-content-wrapper\">\n\t\t\t\t\t\t\t\t\t\t\t\t\t\t\t\t\t\t\t\t\t\t<span class=\"elementor-button-text\">Env\u00eda<\/span>\n\t\t\t\t\t\t\t\t\t\t\t\t\t<\/span>\n\t\t\t\t\t<\/button>\n\t\t\t\t<\/div>\n\t\t\t<\/div>\n\t\t<\/form>\n\t\t\t\t\t\t<\/div>\n\t\t\t\t<\/div>\n\t\t\t\t<\/div>\n\t\t\t\t<\/div>\n\t\t\t\t<\/div>\n\t\t\t\t<\/div>\n\t\t\t\t<\/div>\n\t\t","protected":false},"excerpt":{"rendered":"<p>TU SOCIO PARA SINCR\u00d3METROS Y COMPROBADORES DE FUGAS DE CO\u00b2 PRECISOS Schleyer Test Equipment es tu socio competente en comprobadores de fugas de CO\u00b2 y sincr\u00f3metros. Nuestra gama de dispositivos especializados ayuda a las empresas a optimizar sus procesos y garantizar los m\u00e1s altos est\u00e1ndares de calidad. Con d\u00e9cadas de experiencia en el desarrollo y [&hellip;]<\/p>\n","protected":false},"author":2,"featured_media":0,"parent":0,"menu_order":0,"comment_status":"closed","ping_status":"closed","template":"elementor_header_footer","meta":{"footnotes":""},"class_list":["post-3289","page","type-page","status-publish","hentry"],"_links":{"self":[{"href":"https:\/\/schleyer-test-equipment.de\/es\/wp-json\/wp\/v2\/pages\/3289","targetHints":{"allow":["GET"]}}],"collection":[{"href":"https:\/\/schleyer-test-equipment.de\/es\/wp-json\/wp\/v2\/pages"}],"about":[{"href":"https:\/\/schleyer-test-equipment.de\/es\/wp-json\/wp\/v2\/types\/page"}],"author":[{"embeddable":true,"href":"https:\/\/schleyer-test-equipment.de\/es\/wp-json\/wp\/v2\/users\/2"}],"replies":[{"embeddable":true,"href":"https:\/\/schleyer-test-equipment.de\/es\/wp-json\/wp\/v2\/comments?post=3289"}],"version-history":[{"count":0,"href":"https:\/\/schleyer-test-equipment.de\/es\/wp-json\/wp\/v2\/pages\/3289\/revisions"}],"wp:attachment":[{"href":"https:\/\/schleyer-test-equipment.de\/es\/wp-json\/wp\/v2\/media?parent=3289"}],"curies":[{"name":"wp","href":"https:\/\/api.w.org\/{rel}","templated":true}]}}